{"id":526,"date":"2024-08-27T08:56:12","date_gmt":"2024-08-27T13:56:12","guid":{"rendered":"https:\/\/juventudesasignaturapendiente.com\/?page_id=526"},"modified":"2024-08-28T07:28:07","modified_gmt":"2024-08-28T12:28:07","slug":"visualizador","status":"publish","type":"page","link":"https:\/\/juventudesasignaturapendiente.com\/pt\/visualizador\/","title":{"rendered":"Visualizador"},"content":{"rendered":"<h2 class=\"wp-block-heading has-custom-azul-color has-text-color has-link-color wp-elements-94ec6cf5491e78d1fb00cbe99714d419\"><strong>TUTORIAL SOBRE COMO FAZER MELHOR USO DOS RECURSOS DO VISUALIZADOR<\/strong><\/h2>\n\n\n\n<div style=\"height:100px\" aria-hidden=\"true\" class=\"wp-block-spacer\"><\/div>\n\n\n\n<h3 class=\"wp-block-heading has-custom-naranja-color has-text-color has-link-color wp-elements-a35d09fb2a1b6a49360848f549b993db\"><strong>Deseja ver dados comparativos em n\u00edvel regional? Fa\u00e7a o seguinte:<\/strong><\/h3>\n\n\n\n<figure class=\"wp-block-image size-full\"><img loading=\"lazy\" decoding=\"async\" width=\"1600\" height=\"767\" src=\"https:\/\/juventudesasignaturapendiente.com\/wp-content\/uploads\/2024\/08\/FES-Juventudes-Tutorial-1.png\" alt=\"\" class=\"wp-image-542\" srcset=\"https:\/\/juventudesasignaturapendiente.com\/wp-content\/uploads\/2024\/08\/FES-Juventudes-Tutorial-1.png 1600w, https:\/\/juventudesasignaturapendiente.com\/wp-content\/uploads\/2024\/08\/FES-Juventudes-Tutorial-1-300x144.png 300w, https:\/\/juventudesasignaturapendiente.com\/wp-content\/uploads\/2024\/08\/FES-Juventudes-Tutorial-1-1024x491.png 1024w, https:\/\/juventudesasignaturapendiente.com\/wp-content\/uploads\/2024\/08\/FES-Juventudes-Tutorial-1-768x368.png 768w, https:\/\/juventudesasignaturapendiente.com\/wp-content\/uploads\/2024\/08\/FES-Juventudes-Tutorial-1-1536x736.png 1536w, https:\/\/juventudesasignaturapendiente.com\/wp-content\/uploads\/2024\/08\/FES-Juventudes-Tutorial-1-18x9.png 18w\" sizes=\"auto, (max-width: 1600px) 100vw, 1600px\" \/><\/figure>\n\n\n\n<div class=\"wp-block-group is-layout-grid wp-container-core-group-is-layout-aaee5833 wp-block-group-is-layout-grid\">\n<div class=\"wp-block-group has-base-2-background-color has-background is-layout-flow wp-block-group-is-layout-flow\" style=\"padding-top:var(--wp--preset--spacing--20);padding-right:var(--wp--preset--spacing--20);padding-bottom:var(--wp--preset--spacing--20);padding-left:var(--wp--preset--spacing--20)\">\n<h2 class=\"wp-block-heading\">1<\/h2>\n\n\n\n<p>No bot\u00e3o verde, certifique-se sempre de que a pergunta que voc\u00ea deseja ver esteja selecionada.<\/p>\n<\/div>\n\n\n\n<div class=\"wp-block-group has-base-2-background-color has-background is-layout-flow wp-block-group-is-layout-flow\" style=\"padding-top:var(--wp--preset--spacing--20);padding-right:var(--wp--preset--spacing--20);padding-bottom:var(--wp--preset--spacing--20);padding-left:var(--wp--preset--spacing--20)\">\n<h2 class=\"wp-block-heading\">2<\/h2>\n\n\n\n<p>No bot\u00e3o azul \u201cBy\u201d (Por), selecione \u201cCountry\u201d (Pa\u00eds).<\/p>\n<\/div>\n\n\n\n<div class=\"wp-block-group has-base-2-background-color has-background is-layout-flow wp-block-group-is-layout-flow\" style=\"padding-top:var(--wp--preset--spacing--20);padding-right:var(--wp--preset--spacing--20);padding-bottom:var(--wp--preset--spacing--20);padding-left:var(--wp--preset--spacing--20)\">\n<h2 class=\"wp-block-heading\">3<\/h2>\n\n\n\n<p>Em \u201cFilter\u201d (Filtro), localizado na parte inferior esquerda da tela, selecione \u201cAll respondents\u201d (Todos os entrevistados).<\/p>\n<\/div>\n\n\n\n<div class=\"wp-block-group has-base-2-background-color has-background is-layout-flow wp-block-group-is-layout-flow\" style=\"padding-top:var(--wp--preset--spacing--20);padding-right:var(--wp--preset--spacing--20);padding-bottom:var(--wp--preset--spacing--20);padding-left:var(--wp--preset--spacing--20)\">\n<div class=\"wp-block-group is-vertical is-layout-flex wp-container-core-group-is-layout-fe9cc265 wp-block-group-is-layout-flex\">\n<h2 class=\"wp-block-heading\">4<\/h2>\n\n\n\n<div class=\"wp-block-group is-nowrap is-layout-flex wp-container-core-group-is-layout-6c531013 wp-block-group-is-layout-flex\">\n<p>Para a visualiza\u00e7\u00e3o desses dados, voc\u00ea tem a possibilidade de selecionar diferentes tipos de gr\u00e1ficos. Escolha o que voc\u00ea deseja.<\/p>\n\n\n\n<figure class=\"wp-block-image is-resized\"><img decoding=\"async\" src=\"https:\/\/lh7-rt.googleusercontent.com\/docsz\/AD_4nXftjw7Dj9eMNQ9g3EaVnHjlxtP1MDt0HE1yUjdk4qMcJY3iY-c_Zmcfp8GcVTyNnq6mfRyfq-1UFBX58GsNcUQl1G2SSgTdb1BxuCPNAWjXLZquDjSkHG8Cqz3yk5DoN5Lbt--h3HYGGHIVeeW9uZn2RXk?key=i5YpKfkVG_T5pzhPgWq6eA\" alt=\"\" style=\"width:50px\"\/><\/figure>\n<\/div>\n<\/div>\n<\/div>\n<\/div>\n\n\n\n<blockquote class=\"wp-block-quote has-medium-font-size is-layout-flow wp-block-quote-is-layout-flow\">\n<div class=\"wp-block-group is-nowrap is-layout-flex wp-container-core-group-is-layout-3560ad42 wp-block-group-is-layout-flex\" style=\"margin-top:-20px;margin-bottom:-20px\">\n<p class=\"has-large-font-size\"><i class=\"fas fa-triangle-exclamation\"><\/i><\/p>\n\n\n\n<p>IMPORTANTE: Esse \u00e9 o \u00fanico tipo de gr\u00e1fico em que a op\u00e7\u00e3o \u201cTodos os entrevistados\u201d pode ser selecionada, pois a signific\u00e2ncia estat\u00edstica dos dados est\u00e1 em n\u00edvel nacional, n\u00e3o em n\u00edvel regional.&nbsp;<\/p>\n<\/div>\n<\/blockquote>\n\n\n\n<blockquote class=\"wp-block-quote has-medium-font-size is-layout-flow wp-block-quote-is-layout-flow\">\n<div class=\"wp-block-group is-nowrap is-layout-flex wp-container-core-group-is-layout-3560ad42 wp-block-group-is-layout-flex\" style=\"margin-top:-20px;margin-bottom:-20px\">\n<p class=\"has-large-font-size\"><i class=\"fas fa-pencil\"><\/i><\/p>\n\n\n\n<p>OBSERVA\u00c7\u00c3O: Se voc\u00ea passar o cursor sobre o visualizador, ver\u00e1 a porcentagem e a base sobre a qual essa porcentagem foi calculada.&nbsp;<\/p>\n<\/div>\n<\/blockquote>\n\n\n\n<div style=\"height:100px\" aria-hidden=\"true\" class=\"wp-block-spacer\"><\/div>\n\n\n\n<h3 class=\"wp-block-heading has-custom-naranja-color has-text-color has-link-color wp-elements-bfd8ef9f45a8d30d4f05ecac8f91d2bf\"><strong>Deseja ver os dados por pa\u00eds? Fa\u00e7a o seguinte:<\/strong><\/h3>\n\n\n\n<figure class=\"wp-block-image size-full\"><img loading=\"lazy\" decoding=\"async\" width=\"1600\" height=\"767\" src=\"https:\/\/juventudesasignaturapendiente.com\/wp-content\/uploads\/2024\/08\/FES-Juventudes-Tutorial-2.png\" alt=\"\" class=\"wp-image-544\" srcset=\"https:\/\/juventudesasignaturapendiente.com\/wp-content\/uploads\/2024\/08\/FES-Juventudes-Tutorial-2.png 1600w, https:\/\/juventudesasignaturapendiente.com\/wp-content\/uploads\/2024\/08\/FES-Juventudes-Tutorial-2-300x144.png 300w, https:\/\/juventudesasignaturapendiente.com\/wp-content\/uploads\/2024\/08\/FES-Juventudes-Tutorial-2-1024x491.png 1024w, https:\/\/juventudesasignaturapendiente.com\/wp-content\/uploads\/2024\/08\/FES-Juventudes-Tutorial-2-768x368.png 768w, https:\/\/juventudesasignaturapendiente.com\/wp-content\/uploads\/2024\/08\/FES-Juventudes-Tutorial-2-1536x736.png 1536w, https:\/\/juventudesasignaturapendiente.com\/wp-content\/uploads\/2024\/08\/FES-Juventudes-Tutorial-2-18x9.png 18w\" sizes=\"auto, (max-width: 1600px) 100vw, 1600px\" \/><\/figure>\n\n\n\n<div class=\"wp-block-group is-layout-grid wp-container-core-group-is-layout-a5991aaf wp-block-group-is-layout-grid\">\n<div class=\"wp-block-group has-base-2-background-color has-background is-layout-flow wp-block-group-is-layout-flow\" style=\"padding-top:var(--wp--preset--spacing--20);padding-right:var(--wp--preset--spacing--20);padding-bottom:var(--wp--preset--spacing--20);padding-left:var(--wp--preset--spacing--20)\">\n<h2 class=\"wp-block-heading\">1<\/h2>\n\n\n\n<p>O bot\u00e3o verde sempre seleciona a pergunta&nbsp;<\/p>\n<\/div>\n\n\n\n<div class=\"wp-block-group has-base-2-background-color has-background is-layout-flow wp-block-group-is-layout-flow\" style=\"padding-top:var(--wp--preset--spacing--20);padding-right:var(--wp--preset--spacing--20);padding-bottom:var(--wp--preset--spacing--20);padding-left:var(--wp--preset--spacing--20)\">\n<h2 class=\"wp-block-heading\">2<\/h2>\n\n\n\n<p>No bot\u00e3o azul \u201cBy\u201d (Por), selecione \u201cNo selection\u201d (Sem sele\u00e7\u00e3o) (se a op\u00e7\u00e3o \u201cNo selection\u201d (Sem sele\u00e7\u00e3o) n\u00e3o for exibida nas op\u00e7\u00f5es do bot\u00e3o, ela j\u00e1 est\u00e1 selecionada).<\/p>\n<\/div>\n\n\n\n<div class=\"wp-block-group has-base-2-background-color has-background is-layout-flow wp-block-group-is-layout-flow\" style=\"padding-top:var(--wp--preset--spacing--20);padding-right:var(--wp--preset--spacing--20);padding-bottom:var(--wp--preset--spacing--20);padding-left:var(--wp--preset--spacing--20)\">\n<h2 class=\"wp-block-heading\">3<\/h2>\n\n\n\n<p>Em \u201cFilter\u201d (Filtro), localizado na parte inferior esquerda da tela, selecione o nome do pa\u00eds para o qual voc\u00ea deseja ver os dados.<\/p>\n<\/div>\n<\/div>\n\n\n\n<div style=\"height:100px\" aria-hidden=\"true\" class=\"wp-block-spacer\"><\/div>\n\n\n\n<h3 class=\"wp-block-heading has-custom-naranja-color has-text-color has-link-color wp-elements-fe7c1e8a743a7c1e1f87270b4f76836f\"><strong>Voc\u00ea deseja ver os dados de uma pergunta por pa\u00eds cruzados por vari\u00e1veis de idade\/sexo\/classe?<\/strong><\/h3>\n\n\n\n<figure class=\"wp-block-image size-full\"><img loading=\"lazy\" decoding=\"async\" width=\"1600\" height=\"767\" src=\"https:\/\/juventudesasignaturapendiente.com\/wp-content\/uploads\/2024\/08\/FES-Juventudes-Tutorial-3.png\" alt=\"\" class=\"wp-image-545\" srcset=\"https:\/\/juventudesasignaturapendiente.com\/wp-content\/uploads\/2024\/08\/FES-Juventudes-Tutorial-3.png 1600w, https:\/\/juventudesasignaturapendiente.com\/wp-content\/uploads\/2024\/08\/FES-Juventudes-Tutorial-3-300x144.png 300w, https:\/\/juventudesasignaturapendiente.com\/wp-content\/uploads\/2024\/08\/FES-Juventudes-Tutorial-3-1024x491.png 1024w, https:\/\/juventudesasignaturapendiente.com\/wp-content\/uploads\/2024\/08\/FES-Juventudes-Tutorial-3-768x368.png 768w, https:\/\/juventudesasignaturapendiente.com\/wp-content\/uploads\/2024\/08\/FES-Juventudes-Tutorial-3-1536x736.png 1536w, https:\/\/juventudesasignaturapendiente.com\/wp-content\/uploads\/2024\/08\/FES-Juventudes-Tutorial-3-18x9.png 18w\" sizes=\"auto, (max-width: 1600px) 100vw, 1600px\" \/><\/figure>\n\n\n\n<div class=\"wp-block-group is-layout-grid wp-container-core-group-is-layout-a5991aaf wp-block-group-is-layout-grid\">\n<div class=\"wp-block-group has-base-2-background-color has-background is-layout-flow wp-block-group-is-layout-flow\" style=\"padding-top:var(--wp--preset--spacing--20);padding-right:var(--wp--preset--spacing--20);padding-bottom:var(--wp--preset--spacing--20);padding-left:var(--wp--preset--spacing--20)\">\n<h2 class=\"wp-block-heading\">1<\/h2>\n\n\n\n<p>O bot\u00e3o verde sempre seleciona a pergunta&nbsp;<\/p>\n<\/div>\n\n\n\n<div class=\"wp-block-group has-base-2-background-color has-background is-layout-flow wp-block-group-is-layout-flow\" style=\"padding-top:var(--wp--preset--spacing--20);padding-right:var(--wp--preset--spacing--20);padding-bottom:var(--wp--preset--spacing--20);padding-left:var(--wp--preset--spacing--20)\">\n<h2 class=\"wp-block-heading\">2<\/h2>\n\n\n\n<p>Em \u201cFilter\u201d (Filtro), localizado na parte inferior esquerda do visualizador, selecione o nome do pa\u00eds em que deseja visualizar os dados.<\/p>\n<\/div>\n\n\n\n<div class=\"wp-block-group has-base-2-background-color has-background is-layout-flow wp-block-group-is-layout-flow\" style=\"padding-top:var(--wp--preset--spacing--20);padding-right:var(--wp--preset--spacing--20);padding-bottom:var(--wp--preset--spacing--20);padding-left:var(--wp--preset--spacing--20)\">\n<h2 class=\"wp-block-heading\">3<\/h2>\n\n\n\n<p>Clicar no bot\u00e3o azul \u201cBy\u201d (Por) exibe as op\u00e7\u00f5es para visualizar os dados com refer\u00eancia cruzada por tr\u00eas vari\u00e1veis: sexo, faixa et\u00e1ria e classe social. Selecione a que voc\u00ea deseja.<\/p>\n\n\n\n<figure class=\"wp-block-image\"><img decoding=\"async\" src=\"https:\/\/lh7-rt.googleusercontent.com\/docsz\/AD_4nXfPhpqeETQuPjDaKPjWXQPHq4M8vW7lAq6E0ebDMhelewBo7HAnc5M8bFLjC16np-XvMFMbd-jn5mN5t5syxkkAlLIngwpATFHsEjE-3azm9uHNJquh6aTotdrCZBbLDVMT74cTka4tFTcejYHQhwmulxMK?key=i5YpKfkVG_T5pzhPgWq6eA\" alt=\"\"\/><\/figure>\n<\/div>\n<\/div>\n\n\n\n<p><\/p>","protected":false},"excerpt":{"rendered":"<p>TUTORIAL PARA FAZER MELHOR USO DOS RECURSOS DO DISPLAYER Deseja ver os dados de forma comparativa em n\u00edvel regional? Fa\u00e7a o seguinte: 1 No bot\u00e3o verde, certifique-se sempre de que a pergunta que voc\u00ea deseja visualizar esteja selecionada 2 No bot\u00e3o azul \"By\" (Por), selecione \"Country\" (Pa\u00eds) 3 Em \"Filter\" (Filtro), localizado na parte inferior esquerda do visualizador, selecione \"Country\" (Pa\u00eds) e [...]<\/p>","protected":false},"author":1,"featured_media":0,"parent":0,"menu_order":0,"comment_status":"closed","ping_status":"closed","template":"","meta":{"footnotes":""},"class_list":["post-526","page","type-page","status-publish","hentry"],"yoast_head":"<!-- This site is optimized with the Yoast SEO plugin v26.5 - https:\/\/yoast.com\/wordpress\/plugins\/seo\/ -->\n<title>Visualizador - Juventudes: Asignatura Pendiente<\/title>\n<meta name=\"robots\" content=\"index, follow, max-snippet:-1, max-image-preview:large, max-video-preview:-1\" \/>\n<link rel=\"canonical\" href=\"https:\/\/juventudesasignaturapendiente.com\/pt\/visualizador\/\" \/>\n<meta property=\"og:locale\" content=\"pt_BR\" \/>\n<meta property=\"og:type\" content=\"article\" \/>\n<meta property=\"og:title\" content=\"Visualizador - Juventudes: Asignatura Pendiente\" \/>\n<meta property=\"og:description\" content=\"TUTORIAL PARA APROVECHAR MEJOR LOS RECURSOS DEL VISUALIZADOR \u00bfDeseas ver los datos de manera comparativa a nivel regional? Haz lo siguiente: 1 En el bot\u00f3n verde siempre asegurarse que est\u00e9 seleccionada la pregunta que quieres ver 2 En el bot\u00f3n azul \u201cBy\u201d selecciona \u201cPa\u00eds\u201d 3 En \u201cFilter\u201d, ubicado en la izquierda inferior del visualizador, selecciona [&hellip;]\" \/>\n<meta property=\"og:url\" content=\"https:\/\/juventudesasignaturapendiente.com\/pt\/visualizador\/\" \/>\n<meta property=\"og:site_name\" content=\"Juventudes: Asignatura Pendiente\" \/>\n<meta property=\"article:publisher\" content=\"https:\/\/www.facebook.com\/fesarg\/\" \/>\n<meta property=\"article:modified_time\" content=\"2024-08-28T12:28:07+00:00\" \/>\n<meta property=\"og:image\" content=\"https:\/\/juventudesasignaturapendiente.com\/wp-content\/uploads\/2024\/08\/FES-Juventudes-Tutorial-1.png\" \/>\n<meta name=\"twitter:card\" content=\"summary_large_image\" \/>\n<meta name=\"twitter:site\" content=\"@fes_argentina\" \/>\n<meta name=\"twitter:label1\" content=\"Est. tempo de leitura\" \/>\n\t<meta name=\"twitter:data1\" content=\"1 minuto\" \/>\n<script type=\"application\/ld+json\" class=\"yoast-schema-graph\">{\"@context\":\"https:\/\/schema.org\",\"@graph\":[{\"@type\":\"WebPage\",\"@id\":\"https:\/\/juventudesasignaturapendiente.com\/visualizador\/\",\"url\":\"https:\/\/juventudesasignaturapendiente.com\/visualizador\/\",\"name\":\"Visualizador - Juventudes: Asignatura Pendiente\",\"isPartOf\":{\"@id\":\"https:\/\/juventudesasignaturapendiente.com\/#website\"},\"primaryImageOfPage\":{\"@id\":\"https:\/\/juventudesasignaturapendiente.com\/visualizador\/#primaryimage\"},\"image\":{\"@id\":\"https:\/\/juventudesasignaturapendiente.com\/visualizador\/#primaryimage\"},\"thumbnailUrl\":\"https:\/\/juventudesasignaturapendiente.com\/wp-content\/uploads\/2024\/08\/FES-Juventudes-Tutorial-1.png\",\"datePublished\":\"2024-08-27T13:56:12+00:00\",\"dateModified\":\"2024-08-28T12:28:07+00:00\",\"breadcrumb\":{\"@id\":\"https:\/\/juventudesasignaturapendiente.com\/visualizador\/#breadcrumb\"},\"inLanguage\":\"pt-BR\",\"potentialAction\":[{\"@type\":\"ReadAction\",\"target\":[\"https:\/\/juventudesasignaturapendiente.com\/visualizador\/\"]}]},{\"@type\":\"ImageObject\",\"inLanguage\":\"pt-BR\",\"@id\":\"https:\/\/juventudesasignaturapendiente.com\/visualizador\/#primaryimage\",\"url\":\"https:\/\/juventudesasignaturapendiente.com\/wp-content\/uploads\/2024\/08\/FES-Juventudes-Tutorial-1.png\",\"contentUrl\":\"https:\/\/juventudesasignaturapendiente.com\/wp-content\/uploads\/2024\/08\/FES-Juventudes-Tutorial-1.png\"},{\"@type\":\"BreadcrumbList\",\"@id\":\"https:\/\/juventudesasignaturapendiente.com\/visualizador\/#breadcrumb\",\"itemListElement\":[{\"@type\":\"ListItem\",\"position\":1,\"name\":\"Portada\",\"item\":\"https:\/\/juventudesasignaturapendiente.com\/\"},{\"@type\":\"ListItem\",\"position\":2,\"name\":\"Visualizador\"}]},{\"@type\":\"WebSite\",\"@id\":\"https:\/\/juventudesasignaturapendiente.com\/#website\",\"url\":\"https:\/\/juventudesasignaturapendiente.com\/\",\"name\":\"Juventudes: Asignatura Pendiente\",\"description\":\"Friedrich Ebert Stiftung\",\"publisher\":{\"@id\":\"https:\/\/juventudesasignaturapendiente.com\/#organization\"},\"potentialAction\":[{\"@type\":\"SearchAction\",\"target\":{\"@type\":\"EntryPoint\",\"urlTemplate\":\"https:\/\/juventudesasignaturapendiente.com\/?s={search_term_string}\"},\"query-input\":{\"@type\":\"PropertyValueSpecification\",\"valueRequired\":true,\"valueName\":\"search_term_string\"}}],\"inLanguage\":\"pt-BR\"},{\"@type\":\"Organization\",\"@id\":\"https:\/\/juventudesasignaturapendiente.com\/#organization\",\"name\":\"Fundaci\u00f3n-Friedrich-Ebert\",\"url\":\"https:\/\/juventudesasignaturapendiente.com\/\",\"logo\":{\"@type\":\"ImageObject\",\"inLanguage\":\"pt-BR\",\"@id\":\"https:\/\/juventudesasignaturapendiente.com\/#\/schema\/logo\/image\/\",\"url\":\"https:\/\/juventudesasignaturapendiente.com\/wp-content\/uploads\/2024\/08\/FES-Juventudes-LogoNew-1.svg\",\"contentUrl\":\"https:\/\/juventudesasignaturapendiente.com\/wp-content\/uploads\/2024\/08\/FES-Juventudes-LogoNew-1.svg\",\"width\":1080,\"height\":1080,\"caption\":\"Fundaci\u00f3n-Friedrich-Ebert\"},\"image\":{\"@id\":\"https:\/\/juventudesasignaturapendiente.com\/#\/schema\/logo\/image\/\"},\"sameAs\":[\"https:\/\/www.facebook.com\/fesarg\/\",\"https:\/\/x.com\/fes_argentina\",\"https:\/\/www.instagram.com\/fes_argentina\/\",\"https:\/\/www.youtube.com\/channel\/UCKMHy99jHq3rWZoofnmwVYg\",\"https:\/\/www.facebook.com\/BoliviaFES\",\"https:\/\/twitter.com\/BoliviaFes\/\",\"https:\/\/www.threads.net\/@fes_brasil?xmt=AQGzkaXU3Xg0eKjcNgLxMYCU3LC-bOgq-p_iFIHTe-k4qNE\",\"https:\/\/www.youtube.com\/fesbrasil\",\"https:\/\/www.facebook.com\/brasil.FES\/\",\"https:\/\/twitter.com\/brasil_fes\",\"https:\/\/www.facebook.com\/feschile\",\"https:\/\/twitter.com\/FESChile\",\"https:\/\/www.youtube.com\/channel\/UCp9vxVYEjrlVyEeIq1BdeMg\/videos\",\"https:\/\/www.instagram.com\/feschile\",\"https:\/\/www.facebook.com\/fescol\/\",\"https:\/\/twitter.com\/fundacionFESCOL\",\"http:\/\/www.youtube.com\/user\/ContactoFESCOL\/videos\",\"https:\/\/www.instagram.com\/fes.col\",\"https:\/\/www.youtube.com\/channel\/UC2DGAJShtR8VRwG11Jz6Cfw\",\"https:\/\/www.facebook.com\/FriedrichEbertStiftungEcuador\/\",\"https:\/\/twitter.com\/EcuadorFes\",\"https:\/\/www.youtube.com\/channel\/UC2D0VC_NflMrJH4EiZysvsA\",\"https:\/\/www.instagram.com\/fes_ecuador\/\",\"https:\/\/www.facebook.com\/FESAmericaCentral\/\",\"https:\/\/twitter.com\/FES_Caribe\",\"https:\/\/www.youtube.com\/channel\/UC0oF-rrtiCITUR_7LEk0JDw\",\"https:\/\/www.instagram.com\/fescaribe\",\"http:\/\/www.facebook.com\/FESMEX\/\",\"http:\/\/twitter.com\/fesmex\",\"https:\/\/www.instagram.com\/fesmex\",\"https:\/\/twitter.com\/FesPeru\",\"https:\/\/www.facebook.com\/PeruFES\",\"https:\/\/www.facebook.com\/fesurfesur\",\"https:\/\/twitter.com\/FESUruguay\",\"https:\/\/www.youtube.com\/user\/FESURTV\",\"https:\/\/www.instagram.com\/fes_uruguay\",\"https:\/\/www.facebook.com\/IldisFesVe\",\"https:\/\/www.youtube.com\/channel\/UC487K4T8R8Pb6yvfX_AUFfQ\",\"https:\/\/www.instagram.com\/ildisfesve\"]}]}<\/script>\n<!-- \/ Yoast SEO plugin. -->","yoast_head_json":{"title":"Visualizer - Youth: Unfinished Business","robots":{"index":"index","follow":"follow","max-snippet":"max-snippet:-1","max-image-preview":"max-image-preview:large","max-video-preview":"max-video-preview:-1"},"canonical":"https:\/\/juventudesasignaturapendiente.com\/pt\/visualizador\/","og_locale":"pt_BR","og_type":"article","og_title":"Visualizador - Juventudes: Asignatura Pendiente","og_description":"TUTORIAL PARA APROVECHAR MEJOR LOS RECURSOS DEL VISUALIZADOR \u00bfDeseas ver los datos de manera comparativa a nivel regional? Haz lo siguiente: 1 En el bot\u00f3n verde siempre asegurarse que est\u00e9 seleccionada la pregunta que quieres ver 2 En el bot\u00f3n azul \u201cBy\u201d selecciona \u201cPa\u00eds\u201d 3 En \u201cFilter\u201d, ubicado en la izquierda inferior del visualizador, selecciona [&hellip;]","og_url":"https:\/\/juventudesasignaturapendiente.com\/pt\/visualizador\/","og_site_name":"Juventudes: Asignatura Pendiente","article_publisher":"https:\/\/www.facebook.com\/fesarg\/","article_modified_time":"2024-08-28T12:28:07+00:00","og_image":[{"url":"https:\/\/juventudesasignaturapendiente.com\/wp-content\/uploads\/2024\/08\/FES-Juventudes-Tutorial-1.png","type":"","width":"","height":""}],"twitter_card":"summary_large_image","twitter_site":"@fes_argentina","twitter_misc":{"Est. tempo de leitura":"1 minuto"},"schema":{"@context":"https:\/\/schema.org","@graph":[{"@type":"WebPage","@id":"https:\/\/juventudesasignaturapendiente.com\/visualizador\/","url":"https:\/\/juventudesasignaturapendiente.com\/visualizador\/","name":"Visualizer - Youth: Unfinished Business","isPartOf":{"@id":"https:\/\/juventudesasignaturapendiente.com\/#website"},"primaryImageOfPage":{"@id":"https:\/\/juventudesasignaturapendiente.com\/visualizador\/#primaryimage"},"image":{"@id":"https:\/\/juventudesasignaturapendiente.com\/visualizador\/#primaryimage"},"thumbnailUrl":"https:\/\/juventudesasignaturapendiente.com\/wp-content\/uploads\/2024\/08\/FES-Juventudes-Tutorial-1.png","datePublished":"2024-08-27T13:56:12+00:00","dateModified":"2024-08-28T12:28:07+00:00","breadcrumb":{"@id":"https:\/\/juventudesasignaturapendiente.com\/visualizador\/#breadcrumb"},"inLanguage":"pt-BR","potentialAction":[{"@type":"ReadAction","target":["https:\/\/juventudesasignaturapendiente.com\/visualizador\/"]}]},{"@type":"ImageObject","inLanguage":"pt-BR","@id":"https:\/\/juventudesasignaturapendiente.com\/visualizador\/#primaryimage","url":"https:\/\/juventudesasignaturapendiente.com\/wp-content\/uploads\/2024\/08\/FES-Juventudes-Tutorial-1.png","contentUrl":"https:\/\/juventudesasignaturapendiente.com\/wp-content\/uploads\/2024\/08\/FES-Juventudes-Tutorial-1.png"},{"@type":"BreadcrumbList","@id":"https:\/\/juventudesasignaturapendiente.com\/visualizador\/#breadcrumb","itemListElement":[{"@type":"ListItem","position":1,"name":"Portada","item":"https:\/\/juventudesasignaturapendiente.com\/"},{"@type":"ListItem","position":2,"name":"Visualizador"}]},{"@type":"WebSite","@id":"https:\/\/juventudesasignaturapendiente.com\/#website","url":"https:\/\/juventudesasignaturapendiente.com\/","name":"\"Juventudes: um desafio pendente\"","description":"Funda\u00e7\u00e3o Friedrich Ebert","publisher":{"@id":"https:\/\/juventudesasignaturapendiente.com\/#organization"},"potentialAction":[{"@type":"SearchAction","target":{"@type":"EntryPoint","urlTemplate":"https:\/\/juventudesasignaturapendiente.com\/?s={search_term_string}"},"query-input":{"@type":"PropertyValueSpecification","valueRequired":true,"valueName":"search_term_string"}}],"inLanguage":"pt-BR"},{"@type":"Organization","@id":"https:\/\/juventudesasignaturapendiente.com\/#organization","name":"Friedrich-Ebert-Stiftung","url":"https:\/\/juventudesasignaturapendiente.com\/","logo":{"@type":"ImageObject","inLanguage":"pt-BR","@id":"https:\/\/juventudesasignaturapendiente.com\/#\/schema\/logo\/image\/","url":"https:\/\/juventudesasignaturapendiente.com\/wp-content\/uploads\/2024\/08\/FES-Juventudes-LogoNew-1.svg","contentUrl":"https:\/\/juventudesasignaturapendiente.com\/wp-content\/uploads\/2024\/08\/FES-Juventudes-LogoNew-1.svg","width":1080,"height":1080,"caption":"Fundaci\u00f3n-Friedrich-Ebert"},"image":{"@id":"https:\/\/juventudesasignaturapendiente.com\/#\/schema\/logo\/image\/"},"sameAs":["https:\/\/www.facebook.com\/fesarg\/","https:\/\/x.com\/fes_argentina","https:\/\/www.instagram.com\/fes_argentina\/","https:\/\/www.youtube.com\/channel\/UCKMHy99jHq3rWZoofnmwVYg","https:\/\/www.facebook.com\/BoliviaFES","https:\/\/twitter.com\/BoliviaFes\/","https:\/\/www.threads.net\/@fes_brasil?xmt=AQGzkaXU3Xg0eKjcNgLxMYCU3LC-bOgq-p_iFIHTe-k4qNE","https:\/\/www.youtube.com\/fesbrasil","https:\/\/www.facebook.com\/brasil.FES\/","https:\/\/twitter.com\/brasil_fes","https:\/\/www.facebook.com\/feschile","https:\/\/twitter.com\/FESChile","https:\/\/www.youtube.com\/channel\/UCp9vxVYEjrlVyEeIq1BdeMg\/videos","https:\/\/www.instagram.com\/feschile","https:\/\/www.facebook.com\/fescol\/","https:\/\/twitter.com\/fundacionFESCOL","http:\/\/www.youtube.com\/user\/ContactoFESCOL\/videos","https:\/\/www.instagram.com\/fes.col","https:\/\/www.youtube.com\/channel\/UC2DGAJShtR8VRwG11Jz6Cfw","https:\/\/www.facebook.com\/FriedrichEbertStiftungEcuador\/","https:\/\/twitter.com\/EcuadorFes","https:\/\/www.youtube.com\/channel\/UC2D0VC_NflMrJH4EiZysvsA","https:\/\/www.instagram.com\/fes_ecuador\/","https:\/\/www.facebook.com\/FESAmericaCentral\/","https:\/\/twitter.com\/FES_Caribe","https:\/\/www.youtube.com\/channel\/UC0oF-rrtiCITUR_7LEk0JDw","https:\/\/www.instagram.com\/fescaribe","http:\/\/www.facebook.com\/FESMEX\/","http:\/\/twitter.com\/fesmex","https:\/\/www.instagram.com\/fesmex","https:\/\/twitter.com\/FesPeru","https:\/\/www.facebook.com\/PeruFES","https:\/\/www.facebook.com\/fesurfesur","https:\/\/twitter.com\/FESUruguay","https:\/\/www.youtube.com\/user\/FESURTV","https:\/\/www.instagram.com\/fes_uruguay","https:\/\/www.facebook.com\/IldisFesVe","https:\/\/www.youtube.com\/channel\/UC487K4T8R8Pb6yvfX_AUFfQ","https:\/\/www.instagram.com\/ildisfesve"]}]}},"_links":{"self":[{"href":"https:\/\/juventudesasignaturapendiente.com\/pt\/wp-json\/wp\/v2\/pages\/526","targetHints":{"allow":["GET"]}}],"collection":[{"href":"https:\/\/juventudesasignaturapendiente.com\/pt\/wp-json\/wp\/v2\/pages"}],"about":[{"href":"https:\/\/juventudesasignaturapendiente.com\/pt\/wp-json\/wp\/v2\/types\/page"}],"author":[{"embeddable":true,"href":"https:\/\/juventudesasignaturapendiente.com\/pt\/wp-json\/wp\/v2\/users\/1"}],"replies":[{"embeddable":true,"href":"https:\/\/juventudesasignaturapendiente.com\/pt\/wp-json\/wp\/v2\/comments?post=526"}],"version-history":[{"count":6,"href":"https:\/\/juventudesasignaturapendiente.com\/pt\/wp-json\/wp\/v2\/pages\/526\/revisions"}],"predecessor-version":[{"id":546,"href":"https:\/\/juventudesasignaturapendiente.com\/pt\/wp-json\/wp\/v2\/pages\/526\/revisions\/546"}],"wp:attachment":[{"href":"https:\/\/juventudesasignaturapendiente.com\/pt\/wp-json\/wp\/v2\/media?parent=526"}],"curies":[{"name":"wp","href":"https:\/\/api.w.org\/{rel}","templated":true}]}}