{"id":2,"date":"2024-07-18T15:09:37","date_gmt":"2024-07-18T15:09:37","guid":{"rendered":"https:\/\/juventudesasignaturapendiente.com\/?page_id=2"},"modified":"2024-11-04T12:48:47","modified_gmt":"2024-11-04T17:48:47","slug":"estudio","status":"publish","type":"page","link":"https:\/\/juventudesasignaturapendiente.com\/pt\/estudio\/","title":{"rendered":"A pesquisa"},"content":{"rendered":"<h2 class=\"wp-block-heading has-custom-azul-color has-text-color has-link-color wp-elements-96b4932f242ab911e29f57d4030de365\">Nota metodol\u00f3gica<\/h2>\n\n\n\n<p>O question\u00e1rio foi elaborado em colabora\u00e7\u00e3o com os escrit\u00f3rios da FES na Am\u00e9rica Latina e no Caribe, com o apoio de um grupo de especialistas de diversos pa\u00edses da regi\u00e3o, e validado pelos\/as jovens participantes da Rede ManiFEState.&nbsp;<\/p>\n\n\n\n<p><strong>A pesquisa foi realizada com pessoas de 14 pa\u00edses da regi\u00e3o, com idades entre 15 e 35 anos<\/strong>, por meio de um formul\u00e1rio virtual respondido entre janeiro e fevereiro de 2024. O question\u00e1rio foi aplicado em espanhol em todos os pa\u00edses, exceto no Brasil, onde foi conduzido em portugu\u00eas.&nbsp;<\/p>\n\n\n\n<p>A pesquisa foi realizada pela YouGov, uma empresa internacional de tecnologia on-line que se concentra em pesquisa e an\u00e1lise de dados de opini\u00e3o p\u00fablica.<strong> A metodologia utilizada foi a amostragem on-line por meio de pain\u00e9is Web<\/strong>. Todos os entrevistados deram consentimento para o uso das informa\u00e7\u00f5es. Os menores de idade tiveram o consentimento dos pais antes do in\u00edcio da pesquisa.<\/p>\n\n\n\n<p><strong>As cotas de amostragem para essa pesquisa compreendem grupos de g\u00eanero e idade, regi\u00e3o do pa\u00eds onde residem, tipo de \u00e1rea onde residem e tipo de \u00e1rea onde moram. <\/strong>(urbana, suburbana ou rural)<strong>As seguintes vari\u00e1veis tamb\u00e9m s\u00e3o relevantes: educa\u00e7\u00e3o, escolaridade, status de emprego e uma vari\u00e1vel para aten\u00e7\u00e3o \u00e0s not\u00edcias.<\/strong>  Al\u00e9m disso, a an\u00e1lise da classe social foi constru\u00edda a partir do modelo de classifica\u00e7\u00e3o socioecon\u00f4mica ESOMAR, com base em vari\u00e1veis socioecon\u00f4micas dos chefes de fam\u00edlia (educa\u00e7\u00e3o, ocupa\u00e7\u00e3o) e vari\u00e1veis puramente econ\u00f4micas (renda, propriedade de ativos).<\/p>\n\n\n\n<div class=\"wp-block-group has-base-2-background-color has-background is-layout-flow wp-block-group-is-layout-flow\" style=\"margin-top:var(--wp--preset--spacing--30);margin-bottom:var(--wp--preset--spacing--30);padding-top:var(--wp--preset--spacing--20);padding-right:var(--wp--preset--spacing--40);padding-bottom:var(--wp--preset--spacing--30);padding-left:var(--wp--preset--spacing--40)\">\n<h4 class=\"wp-block-heading has-custom-naranja-color has-text-color has-link-color wp-elements-a7eac08328fc8452d77ad742bf4a1627\" style=\"margin-top:var(--wp--preset--spacing--20);margin-bottom:var(--wp--preset--spacing--20)\"><strong>Lista de pa\u00edses e tamanho das amostras<\/strong><\/h4>\n\n\n\n<figure style=\"margin-right:0;margin-left:0\" class=\"wp-block-table\"><table class=\"has-fixed-layout\"><tbody><tr><td>Argentina (n = 2007, moe: \u00b1 2,5)<\/td><td>Costa Rica (n = 1149 , moe: \u00b1 4,4)<\/td><td>Peru (n = 2001 , moe: \u00b1 3,2)<\/td><\/tr><tr><td>Bol\u00edvia (n = 1103 , moe: \u00b1 4,4)<\/td><td>Equador (n = 2004 , moe: \u00b1 3,3)<\/td><td>Rep\u00fablica Dominicana (n = 1132 , moe: \u00b1 4,7)<\/td><\/tr><tr><td>Brasil (n = 2024 , moe: \u00b1 2,5)<\/td><td>Honduras (n = 1100 , moe: \u00b1 4,7)<\/td><td>Uruguai (n = 1108 , moe: \u00b1 3,8)<\/td><\/tr><tr><td>Chile (n = 2002 , moe: \u00b1 7)<\/td><td>M\u00e9xico (n = 2001 , moe: \u00b1 3,0)<\/td><td>Venezuela (n = 1103, moe: \u00b1 3,8)<\/td><\/tr><tr><td>Col\u00f4mbia (n = 2004, moe: \u00b1 2,8)<\/td><td>Panam\u00e1 (n = 1109, moe: \u00b1 3,9)<\/td><td><\/td><\/tr><\/tbody><\/table><\/figure>\n<\/div>\n\n\n\n<p><strong>A amostra<\/strong> foi constru\u00edda usando amostragem estratificada de cada pa\u00eds, baseada no LAPOP AmericasBarometer 2021, com sele\u00e7\u00e3o dentro dos estratos por amostragem ponderada com substitui\u00e7\u00f5es. Os pesos variam de 0,04 a 6,16, com uma m\u00e9dia de 1 e um desvio padr\u00e3o de 1,09. A margem de erro (com intervalo de confian\u00e7a de 95%) para uma porcentagem amostral p, com base no subconjunto da amostra, \u00e9 de aproximadamente 4,4%.<\/p>\n\n\n\n<p><strong>A pesquisa \u00e9 representativa em n\u00edvel nacional e n\u00e3o regional.<\/strong> <strong>Portanto, ao analisar os dados, recomendamos que os visualizadores evitem fazer infer\u00eancias para toda a regi\u00e3o sem primeiro considerar os dados nacionais.<\/strong><\/p>\n\n\n\n<blockquote class=\"wp-block-quote is-style-default is-layout-flow wp-container-core-quote-is-layout-8a368f38 wp-block-quote-is-layout-flow\">\n<div class=\"wp-block-group is-nowrap is-layout-flex wp-container-core-group-is-layout-5b0f6098 wp-block-group-is-layout-flex\" style=\"margin-top:-20px;margin-bottom:-20px;padding-top:0;padding-right:0;padding-bottom:0;padding-left:0\">\n<p class=\"has-x-large-font-size\"><i class=\"fas fa-lightbulb\"><\/i><\/p>\n\n\n\n<div class=\"wp-block-group is-vertical is-layout-flex wp-container-core-group-is-layout-fe9cc265 wp-block-group-is-layout-flex\">\n<p>Conhe\u00e7a nosso visualizador em detalhes<\/p>\n\n\n\n<p class=\"has-medium-font-size\">Cada pergunta mostra sua exibi\u00e7\u00e3o quando voc\u00ea clica no t\u00edtulo.<br>Para fazer melhor uso dos dados na tela <a href=\"https:\/\/juventudesasignaturapendiente.com\/pt\/visualizador\/\" data-type=\"page\" data-id=\"526\">veja nosso tutorial<\/a>.<\/p>\n<\/div>\n<\/div>\n<\/blockquote>\n\n\n\n<blockquote class=\"wp-block-quote is-style-default is-layout-flow wp-container-core-quote-is-layout-8a368f38 wp-block-quote-is-layout-flow\">\n<div class=\"wp-block-group is-nowrap is-layout-flex wp-container-core-group-is-layout-5b0f6098 wp-block-group-is-layout-flex\" style=\"margin-top:-20px;margin-bottom:-20px;padding-top:0;padding-right:0;padding-bottom:0;padding-left:0\">\n<p class=\"has-x-large-font-size\"><i class=\"fas fa-quote-right\"><\/i><\/p>\n\n\n\n<div class=\"wp-block-group is-vertical is-layout-flex wp-container-core-group-is-layout-fe9cc265 wp-block-group-is-layout-flex\">\n<p>Como citar dados de pesquisas?<\/p>\n\n\n\n<p class=\"has-medium-font-size\">Os dados podem ser usados desde que a fonte seja citada e que n\u00e3o sejam usados para fins comerciais. Cita\u00e7\u00e3o sugerida:<\/p>\n\n\n\n<p class=\"has-medium-font-size\"><em>Friedrich Ebert Stiftung (FES) (2024). Juventudes: Asignatura Pendiente. Pesquisa sobre participa\u00e7\u00e3o pol\u00edtica e atitudes dos jovens na Am\u00e9rica Latina e no Caribe.&nbsp;<a href=\"http:\/\/www.juventudesfes.org\/\">www.juventudesFES.org<\/a>.<\/em><\/p>\n<\/div>\n<\/div>\n<\/blockquote>\n\n\n\n<h3 class=\"wp-block-heading has-custom-azul-color has-text-color has-link-color wp-elements-1beb9c9f54e682a6a13c9ccf1f91c000\" style=\"margin-top:var(--wp--preset--spacing--40);margin-bottom:var(--wp--preset--spacing--40)\"><strong>Equipe de trabalho:<\/strong><\/h3>\n\n\n\n<div class=\"wp-block-columns is-layout-flex wp-container-core-columns-is-layout-33233fb6 wp-block-columns-is-layout-flex\" style=\"margin-top:var(--wp--preset--spacing--20);margin-bottom:var(--wp--preset--spacing--20)\">\n<div class=\"wp-block-column is-layout-flow wp-block-column-is-layout-flow\">\n<h4 class=\"wp-block-heading has-contrast-3-color has-text-color has-link-color wp-elements-cce02105ed98712feb48d0f6cc9fccb9\"><strong>Desenvolvimento e coordena\u00e7\u00e3o do projeto<\/strong><\/h4>\n\n\n\n<ul class=\"wp-block-list\">\n<li>Constantin Groll - Representante da FES Equador<\/li>\n\n\n\n<li>Anabel Bilbao G - Coordenadora de Projetos Regionais<\/li>\n\n\n\n<li>Camila Rodr\u00edguez - T\u00e9cnica de projetos e analista de dados<\/li>\n<\/ul>\n\n\n\n<h4 class=\"wp-block-heading has-contrast-3-color has-text-color has-link-color wp-elements-4b7f589a7d9c59d80cc18880c179a2ea\" style=\"margin-top:var(--wp--preset--spacing--40)\"><strong>Equipe de especialistas nacionais<\/strong><\/h4>\n\n\n\n<ul class=\"wp-block-list\">\n<li>Melina V\u00e1zquez - Argentina<\/li>\n\n\n\n<li>Josu\u00e9 Cortez - Bol\u00edvia<\/li>\n\n\n\n<li>Elisa Guaran\u00e1 - Brasil<\/li>\n\n\n\n<li>Severine Macedo - Brasil<\/li>\n\n\n\n<li>Rosemary Gomes - Brasil<\/li>\n\n\n\n<li>Oscar Aguilera - Chile&nbsp;<\/li>\n\n\n\n<li>Mingo Vasconcelos - Brasil<\/li>\n\n\n\n<li>Miyerlandy Cabanzo - Col\u00f4mbia&nbsp; &nbsp;<\/li>\n\n\n\n<li>Cathalina Garc\u00eda Santamar\u00eda - Costa Rica<\/li>\n\n\n\n<li>Ilka Treminio S\u00e1nchez - Costa Rica<\/li>\n\n\n\n<li>Fernando Ven\u00e2ncio Filho - Equador<\/li>\n\n\n\n<li>El\u00edas Villalta - Honduras<\/li>\n\n\n\n<li>Luis Sosa - M\u00e9xico<\/li>\n\n\n\n<li>Mariana Licea - M\u00e9xico<\/li>\n\n\n\n<li>M\u00f3nica Patricia Romero Zapata - Panam\u00e1&nbsp; &nbsp;<\/li>\n\n\n\n<li>Alejandra Sabina Yolanda Dinegro Mart\u00ednez - Peru<\/li>\n\n\n\n<li>Juan Miguel P\u00e9rez Vargas - Rep\u00fablica Dominicana<\/li>\n\n\n\n<li>Ana Paula Garc\u00eda Erramuspe - Uruguai<\/li>\n\n\n\n<li>Lissette Gonzalez - Venezuela<\/li>\n<\/ul>\n<\/div>\n\n\n\n<div class=\"wp-block-column is-layout-flow wp-block-column-is-layout-flow\">\n<h4 class=\"wp-block-heading has-contrast-3-color has-text-color has-link-color wp-elements-73694ea7a162343d7d963effecd2d534\"><strong>Pesquisador - YouGov<\/strong><\/h4>\n\n\n\n<ul class=\"wp-block-list\">\n<li>Em Bello-Pardo, Ph.D. Diretor S\u00eanior de Pesquisa e Ci\u00eancia de Dados<\/li>\n\n\n\n<li>Gaby Ferreyra - Analista de pol\u00edticas II<\/li>\n\n\n\n<li>Alissa Stollwerk, Ph.D. - Vice-Presidente<\/li>\n<\/ul>\n\n\n\n<h4 class=\"wp-block-heading has-contrast-3-color has-text-color has-link-color wp-elements-8ffbd30eaa475d517fd43018a4ec5def\" style=\"margin-top:var(--wp--preset--spacing--40)\"><strong>Comunica\u00e7\u00e3o<\/strong><\/h4>\n\n\n\n<ul class=\"wp-block-list\">\n<li>Estefan\u00eda Avella - Comunica\u00e7\u00e3o da FES<\/li>\n\n\n\n<li>\u00c9rika D\u00e1vila - FES Equador<\/li>\n<\/ul>\n\n\n\n<h4 class=\"wp-block-heading\" style=\"margin-top:var(--wp--preset--spacing--40)\"><strong>Painel de especialistas regionais<\/strong><\/h4>\n\n\n\n<ul class=\"wp-block-list\">\n<li>Mariana Licea (M\u00e9xico) - Graduada pelo CIDE, com especializa\u00e7\u00e3o em Ci\u00eancia Pol\u00edtica e Rela\u00e7\u00f5es Internacionais.<\/li>\n\n\n\n<li>Elisa Guaran\u00e1 (Brasil) - Doutora em Antropologia Social pela UFRJ, especialista em Juventude e Participa\u00e7\u00e3o Pol\u00edtica.<\/li>\n\n\n\n<li>\u00d3scar Aguilera (Chile) - PhD em Antropologia Social e Cultural pela Universidade Aut\u00f4noma de Barcelona.<\/li>\n\n\n\n<li>Melina V\u00e1zquez (Argentina) - PhD em Ci\u00eancias Sociais, UBA, especialista em Pol\u00edticas para a Juventude e a Inf\u00e2ncia.<\/li>\n\n\n\n<li>Franklin Ram\u00edrez (Equador) - Soci\u00f3logo e pesquisador da FLACSO-Equador<\/li>\n<\/ul>\n<\/div>\n<\/div>\n\n\n\n<h4 class=\"wp-block-heading has-contrast-3-color has-text-color has-link-color wp-elements-c198c577d74c5e6263bbce460efb92de\" style=\"margin-top:var(--wp--preset--spacing--40)\"><strong>Coordena\u00e7\u00e3o nacional do projeto com os escrit\u00f3rios da FES:<\/strong><\/h4>\n\n\n\n<ul class=\"wp-block-list\">\n<li>Fernando Ven\u00e2ncio Filho - Brasil<\/li>\n\n\n\n<li>Jos\u00e9 Luis Exeni - Bol\u00edvia<\/li>\n\n\n\n<li>Willian Habermann - Brasil<\/li>\n\n\n\n<li>Christian S\u00e1nchez - Chile<\/li>\n\n\n\n<li>Saruy Tolosa - Col\u00f4mbia<\/li>\n\n\n\n<li>Argerie S\u00e1nchez - Costa Rica<\/li>\n\n\n\n<li>Anabel Bilbao - Equador<\/li>\n\n\n\n<li>M\u00f3nica Torres - Honduras<\/li>\n\n\n\n<li>Elisa G\u00f3mez - M\u00e9xico<\/li>\n\n\n\n<li>Anastacio Rodr\u00edguez - Panam\u00e1<\/li>\n\n\n\n<li>Ra\u00fal Tecco - Peru<\/li>\n\n\n\n<li>Mar\u00eda Fernanda L\u00f3pez - Rep\u00fablica Dominicana<\/li>\n\n\n\n<li>An\u00edbal Peluffo - Uruguai<\/li>\n\n\n\n<li>Ana\u00eds L\u00f3p\u00e9z - Venezuela<\/li>\n<\/ul>","protected":false},"excerpt":{"rendered":"<p>Nota metodol\u00f3gica O question\u00e1rio foi elaborado em colabora\u00e7\u00e3o com os escrit\u00f3rios da FES na Am\u00e9rica Latina e no Caribe, um grupo de especialistas de v\u00e1rios pa\u00edses da regi\u00e3o e validado com os jovens participantes da Rede ManiFEState.  A pesquisa foi realizada com pessoas de 14 pa\u00edses da regi\u00e3o.<\/p>","protected":false},"author":1,"featured_media":0,"parent":0,"menu_order":1,"comment_status":"closed","ping_status":"closed","template":"","meta":{"footnotes":""},"class_list":["post-2","page","type-page","status-publish","hentry"],"yoast_head":"<!-- This site is optimized with the Yoast SEO plugin v26.5 - https:\/\/yoast.com\/wordpress\/plugins\/seo\/ -->\n<title>El estudio - Juventudes: Asignatura Pendiente<\/title>\n<meta name=\"robots\" content=\"index, follow, max-snippet:-1, max-image-preview:large, max-video-preview:-1\" \/>\n<link rel=\"canonical\" href=\"https:\/\/juventudesasignaturapendiente.com\/pt\/estudio\/\" \/>\n<meta property=\"og:locale\" content=\"pt_BR\" \/>\n<meta property=\"og:type\" content=\"article\" \/>\n<meta property=\"og:title\" content=\"El estudio - Juventudes: Asignatura Pendiente\" \/>\n<meta property=\"og:description\" content=\"Nota metodol\u00f3gica El dise\u00f1o del cuestionario fue realizado en colaboraci\u00f3n con las oficinas de la FES en Am\u00e9rica Latina y el Caribe, un grupo de expertos y expertas de varios pa\u00edses de la regi\u00f3n y validado con los(as) j\u00f3venes participantes de la Red ManiFEState.&nbsp; La encuesta se realiz\u00f3 a personas de 14 pa\u00edses de la [&hellip;]\" \/>\n<meta property=\"og:url\" content=\"https:\/\/juventudesasignaturapendiente.com\/pt\/estudio\/\" \/>\n<meta property=\"og:site_name\" content=\"Juventudes: Asignatura Pendiente\" \/>\n<meta property=\"article:publisher\" content=\"https:\/\/www.facebook.com\/fesarg\/\" \/>\n<meta property=\"article:modified_time\" content=\"2024-11-04T17:48:47+00:00\" \/>\n<meta name=\"twitter:card\" content=\"summary_large_image\" \/>\n<meta name=\"twitter:site\" content=\"@fes_argentina\" \/>\n<meta name=\"twitter:label1\" content=\"Est. tempo de leitura\" \/>\n\t<meta name=\"twitter:data1\" content=\"5 minutos\" \/>\n<script type=\"application\/ld+json\" class=\"yoast-schema-graph\">{\"@context\":\"https:\/\/schema.org\",\"@graph\":[{\"@type\":\"WebPage\",\"@id\":\"https:\/\/juventudesasignaturapendiente.com\/estudio\/\",\"url\":\"https:\/\/juventudesasignaturapendiente.com\/estudio\/\",\"name\":\"El estudio - Juventudes: Asignatura Pendiente\",\"isPartOf\":{\"@id\":\"https:\/\/juventudesasignaturapendiente.com\/#website\"},\"datePublished\":\"2024-07-18T15:09:37+00:00\",\"dateModified\":\"2024-11-04T17:48:47+00:00\",\"breadcrumb\":{\"@id\":\"https:\/\/juventudesasignaturapendiente.com\/estudio\/#breadcrumb\"},\"inLanguage\":\"pt-BR\",\"potentialAction\":[{\"@type\":\"ReadAction\",\"target\":[\"https:\/\/juventudesasignaturapendiente.com\/estudio\/\"]}]},{\"@type\":\"BreadcrumbList\",\"@id\":\"https:\/\/juventudesasignaturapendiente.com\/estudio\/#breadcrumb\",\"itemListElement\":[{\"@type\":\"ListItem\",\"position\":1,\"name\":\"Portada\",\"item\":\"https:\/\/juventudesasignaturapendiente.com\/\"},{\"@type\":\"ListItem\",\"position\":2,\"name\":\"El estudio\"}]},{\"@type\":\"WebSite\",\"@id\":\"https:\/\/juventudesasignaturapendiente.com\/#website\",\"url\":\"https:\/\/juventudesasignaturapendiente.com\/\",\"name\":\"Juventudes: Asignatura Pendiente\",\"description\":\"Friedrich Ebert Stiftung\",\"publisher\":{\"@id\":\"https:\/\/juventudesasignaturapendiente.com\/#organization\"},\"potentialAction\":[{\"@type\":\"SearchAction\",\"target\":{\"@type\":\"EntryPoint\",\"urlTemplate\":\"https:\/\/juventudesasignaturapendiente.com\/?s={search_term_string}\"},\"query-input\":{\"@type\":\"PropertyValueSpecification\",\"valueRequired\":true,\"valueName\":\"search_term_string\"}}],\"inLanguage\":\"pt-BR\"},{\"@type\":\"Organization\",\"@id\":\"https:\/\/juventudesasignaturapendiente.com\/#organization\",\"name\":\"Fundaci\u00f3n-Friedrich-Ebert\",\"url\":\"https:\/\/juventudesasignaturapendiente.com\/\",\"logo\":{\"@type\":\"ImageObject\",\"inLanguage\":\"pt-BR\",\"@id\":\"https:\/\/juventudesasignaturapendiente.com\/#\/schema\/logo\/image\/\",\"url\":\"https:\/\/juventudesasignaturapendiente.com\/wp-content\/uploads\/2024\/08\/FES-Juventudes-LogoNew-1.svg\",\"contentUrl\":\"https:\/\/juventudesasignaturapendiente.com\/wp-content\/uploads\/2024\/08\/FES-Juventudes-LogoNew-1.svg\",\"width\":1080,\"height\":1080,\"caption\":\"Fundaci\u00f3n-Friedrich-Ebert\"},\"image\":{\"@id\":\"https:\/\/juventudesasignaturapendiente.com\/#\/schema\/logo\/image\/\"},\"sameAs\":[\"https:\/\/www.facebook.com\/fesarg\/\",\"https:\/\/x.com\/fes_argentina\",\"https:\/\/www.instagram.com\/fes_argentina\/\",\"https:\/\/www.youtube.com\/channel\/UCKMHy99jHq3rWZoofnmwVYg\",\"https:\/\/www.facebook.com\/BoliviaFES\",\"https:\/\/twitter.com\/BoliviaFes\/\",\"https:\/\/www.threads.net\/@fes_brasil?xmt=AQGzkaXU3Xg0eKjcNgLxMYCU3LC-bOgq-p_iFIHTe-k4qNE\",\"https:\/\/www.youtube.com\/fesbrasil\",\"https:\/\/www.facebook.com\/brasil.FES\/\",\"https:\/\/twitter.com\/brasil_fes\",\"https:\/\/www.facebook.com\/feschile\",\"https:\/\/twitter.com\/FESChile\",\"https:\/\/www.youtube.com\/channel\/UCp9vxVYEjrlVyEeIq1BdeMg\/videos\",\"https:\/\/www.instagram.com\/feschile\",\"https:\/\/www.facebook.com\/fescol\/\",\"https:\/\/twitter.com\/fundacionFESCOL\",\"http:\/\/www.youtube.com\/user\/ContactoFESCOL\/videos\",\"https:\/\/www.instagram.com\/fes.col\",\"https:\/\/www.youtube.com\/channel\/UC2DGAJShtR8VRwG11Jz6Cfw\",\"https:\/\/www.facebook.com\/FriedrichEbertStiftungEcuador\/\",\"https:\/\/twitter.com\/EcuadorFes\",\"https:\/\/www.youtube.com\/channel\/UC2D0VC_NflMrJH4EiZysvsA\",\"https:\/\/www.instagram.com\/fes_ecuador\/\",\"https:\/\/www.facebook.com\/FESAmericaCentral\/\",\"https:\/\/twitter.com\/FES_Caribe\",\"https:\/\/www.youtube.com\/channel\/UC0oF-rrtiCITUR_7LEk0JDw\",\"https:\/\/www.instagram.com\/fescaribe\",\"http:\/\/www.facebook.com\/FESMEX\/\",\"http:\/\/twitter.com\/fesmex\",\"https:\/\/www.instagram.com\/fesmex\",\"https:\/\/twitter.com\/FesPeru\",\"https:\/\/www.facebook.com\/PeruFES\",\"https:\/\/www.facebook.com\/fesurfesur\",\"https:\/\/twitter.com\/FESUruguay\",\"https:\/\/www.youtube.com\/user\/FESURTV\",\"https:\/\/www.instagram.com\/fes_uruguay\",\"https:\/\/www.facebook.com\/IldisFesVe\",\"https:\/\/www.youtube.com\/channel\/UC487K4T8R8Pb6yvfX_AUFfQ\",\"https:\/\/www.instagram.com\/ildisfesve\"]}]}<\/script>\n<!-- \/ Yoast SEO plugin. -->","yoast_head_json":{"title":"The Study - Youth: Unfinished Business","robots":{"index":"index","follow":"follow","max-snippet":"max-snippet:-1","max-image-preview":"max-image-preview:large","max-video-preview":"max-video-preview:-1"},"canonical":"https:\/\/juventudesasignaturapendiente.com\/pt\/estudio\/","og_locale":"pt_BR","og_type":"article","og_title":"El estudio - Juventudes: Asignatura Pendiente","og_description":"Nota metodol\u00f3gica El dise\u00f1o del cuestionario fue realizado en colaboraci\u00f3n con las oficinas de la FES en Am\u00e9rica Latina y el Caribe, un grupo de expertos y expertas de varios pa\u00edses de la regi\u00f3n y validado con los(as) j\u00f3venes participantes de la Red ManiFEState.&nbsp; La encuesta se realiz\u00f3 a personas de 14 pa\u00edses de la [&hellip;]","og_url":"https:\/\/juventudesasignaturapendiente.com\/pt\/estudio\/","og_site_name":"Juventudes: Asignatura Pendiente","article_publisher":"https:\/\/www.facebook.com\/fesarg\/","article_modified_time":"2024-11-04T17:48:47+00:00","twitter_card":"summary_large_image","twitter_site":"@fes_argentina","twitter_misc":{"Est. tempo de leitura":"5 minutos"},"schema":{"@context":"https:\/\/schema.org","@graph":[{"@type":"WebPage","@id":"https:\/\/juventudesasignaturapendiente.com\/estudio\/","url":"https:\/\/juventudesasignaturapendiente.com\/estudio\/","name":"The Study - Youth: Unfinished Business","isPartOf":{"@id":"https:\/\/juventudesasignaturapendiente.com\/#website"},"datePublished":"2024-07-18T15:09:37+00:00","dateModified":"2024-11-04T17:48:47+00:00","breadcrumb":{"@id":"https:\/\/juventudesasignaturapendiente.com\/estudio\/#breadcrumb"},"inLanguage":"pt-BR","potentialAction":[{"@type":"ReadAction","target":["https:\/\/juventudesasignaturapendiente.com\/estudio\/"]}]},{"@type":"BreadcrumbList","@id":"https:\/\/juventudesasignaturapendiente.com\/estudio\/#breadcrumb","itemListElement":[{"@type":"ListItem","position":1,"name":"Portada","item":"https:\/\/juventudesasignaturapendiente.com\/"},{"@type":"ListItem","position":2,"name":"El estudio"}]},{"@type":"WebSite","@id":"https:\/\/juventudesasignaturapendiente.com\/#website","url":"https:\/\/juventudesasignaturapendiente.com\/","name":"\"Juventudes: um desafio pendente\"","description":"Funda\u00e7\u00e3o Friedrich Ebert","publisher":{"@id":"https:\/\/juventudesasignaturapendiente.com\/#organization"},"potentialAction":[{"@type":"SearchAction","target":{"@type":"EntryPoint","urlTemplate":"https:\/\/juventudesasignaturapendiente.com\/?s={search_term_string}"},"query-input":{"@type":"PropertyValueSpecification","valueRequired":true,"valueName":"search_term_string"}}],"inLanguage":"pt-BR"},{"@type":"Organization","@id":"https:\/\/juventudesasignaturapendiente.com\/#organization","name":"Friedrich-Ebert-Stiftung","url":"https:\/\/juventudesasignaturapendiente.com\/","logo":{"@type":"ImageObject","inLanguage":"pt-BR","@id":"https:\/\/juventudesasignaturapendiente.com\/#\/schema\/logo\/image\/","url":"https:\/\/juventudesasignaturapendiente.com\/wp-content\/uploads\/2024\/08\/FES-Juventudes-LogoNew-1.svg","contentUrl":"https:\/\/juventudesasignaturapendiente.com\/wp-content\/uploads\/2024\/08\/FES-Juventudes-LogoNew-1.svg","width":1080,"height":1080,"caption":"Fundaci\u00f3n-Friedrich-Ebert"},"image":{"@id":"https:\/\/juventudesasignaturapendiente.com\/#\/schema\/logo\/image\/"},"sameAs":["https:\/\/www.facebook.com\/fesarg\/","https:\/\/x.com\/fes_argentina","https:\/\/www.instagram.com\/fes_argentina\/","https:\/\/www.youtube.com\/channel\/UCKMHy99jHq3rWZoofnmwVYg","https:\/\/www.facebook.com\/BoliviaFES","https:\/\/twitter.com\/BoliviaFes\/","https:\/\/www.threads.net\/@fes_brasil?xmt=AQGzkaXU3Xg0eKjcNgLxMYCU3LC-bOgq-p_iFIHTe-k4qNE","https:\/\/www.youtube.com\/fesbrasil","https:\/\/www.facebook.com\/brasil.FES\/","https:\/\/twitter.com\/brasil_fes","https:\/\/www.facebook.com\/feschile","https:\/\/twitter.com\/FESChile","https:\/\/www.youtube.com\/channel\/UCp9vxVYEjrlVyEeIq1BdeMg\/videos","https:\/\/www.instagram.com\/feschile","https:\/\/www.facebook.com\/fescol\/","https:\/\/twitter.com\/fundacionFESCOL","http:\/\/www.youtube.com\/user\/ContactoFESCOL\/videos","https:\/\/www.instagram.com\/fes.col","https:\/\/www.youtube.com\/channel\/UC2DGAJShtR8VRwG11Jz6Cfw","https:\/\/www.facebook.com\/FriedrichEbertStiftungEcuador\/","https:\/\/twitter.com\/EcuadorFes","https:\/\/www.youtube.com\/channel\/UC2D0VC_NflMrJH4EiZysvsA","https:\/\/www.instagram.com\/fes_ecuador\/","https:\/\/www.facebook.com\/FESAmericaCentral\/","https:\/\/twitter.com\/FES_Caribe","https:\/\/www.youtube.com\/channel\/UC0oF-rrtiCITUR_7LEk0JDw","https:\/\/www.instagram.com\/fescaribe","http:\/\/www.facebook.com\/FESMEX\/","http:\/\/twitter.com\/fesmex","https:\/\/www.instagram.com\/fesmex","https:\/\/twitter.com\/FesPeru","https:\/\/www.facebook.com\/PeruFES","https:\/\/www.facebook.com\/fesurfesur","https:\/\/twitter.com\/FESUruguay","https:\/\/www.youtube.com\/user\/FESURTV","https:\/\/www.instagram.com\/fes_uruguay","https:\/\/www.facebook.com\/IldisFesVe","https:\/\/www.youtube.com\/channel\/UC487K4T8R8Pb6yvfX_AUFfQ","https:\/\/www.instagram.com\/ildisfesve"]}]}},"_links":{"self":[{"href":"https:\/\/juventudesasignaturapendiente.com\/pt\/wp-json\/wp\/v2\/pages\/2","targetHints":{"allow":["GET"]}}],"collection":[{"href":"https:\/\/juventudesasignaturapendiente.com\/pt\/wp-json\/wp\/v2\/pages"}],"about":[{"href":"https:\/\/juventudesasignaturapendiente.com\/pt\/wp-json\/wp\/v2\/types\/page"}],"author":[{"embeddable":true,"href":"https:\/\/juventudesasignaturapendiente.com\/pt\/wp-json\/wp\/v2\/users\/1"}],"replies":[{"embeddable":true,"href":"https:\/\/juventudesasignaturapendiente.com\/pt\/wp-json\/wp\/v2\/comments?post=2"}],"version-history":[{"count":25,"href":"https:\/\/juventudesasignaturapendiente.com\/pt\/wp-json\/wp\/v2\/pages\/2\/revisions"}],"predecessor-version":[{"id":571,"href":"https:\/\/juventudesasignaturapendiente.com\/pt\/wp-json\/wp\/v2\/pages\/2\/revisions\/571"}],"wp:attachment":[{"href":"https:\/\/juventudesasignaturapendiente.com\/pt\/wp-json\/wp\/v2\/media?parent=2"}],"curies":[{"name":"wp","href":"https:\/\/api.w.org\/{rel}","templated":true}]}}