{"id":165,"date":"2024-08-01T01:37:56","date_gmt":"2024-08-01T01:37:56","guid":{"rendered":"https:\/\/juventudesasignaturapendiente.com\/?page_id=165"},"modified":"2024-11-04T12:45:50","modified_gmt":"2024-11-04T17:45:50","slug":"contacto","status":"publish","type":"page","link":"https:\/\/juventudesasignaturapendiente.com\/pt\/contacto\/","title":{"rendered":"Entre em contato"},"content":{"rendered":"<div class=\"wp-block-group has-base-2-background-color has-background is-layout-flow wp-block-group-is-layout-flow\" style=\"padding-top:var(--wp--preset--spacing--40);padding-right:var(--wp--preset--spacing--40);padding-bottom:var(--wp--preset--spacing--40);padding-left:var(--wp--preset--spacing--40)\">\n<p>Para mais informa\u00e7\u00f5es, colabora\u00e7\u00f5es e consultas, entre em contato:<\/p>\n\n\n\n<p>Anabel Bilbao G. \u2013 FES Equador \u2013 <a href=\"mailto:anabel.bilbao@fes.de\">anabel.bilbao@fes.de<\/a><br>Constantin Groll - Representante da FES Equador - <a href=\"mailto:constantin.groll@fes.de\">constantin.groll@fes.de<\/a><br>Camila Rodriguez - <a href=\"mailto:camila.rodr\u00edguez@fes.de\">camila.rodr\u00edguez@fes.de<\/a><\/p>\n<\/div>\n\n\n\n<div id=\"inscripcion\" class=\"wp-block-group is-layout-flow wp-block-group-is-layout-flow\" style=\"margin-top:var(--wp--preset--spacing--40);margin-bottom:var(--wp--preset--spacing--40)\">\n<div class=\"wp-block-columns are-vertically-aligned-center is-layout-flex wp-container-core-columns-is-layout-c6809a2b wp-block-columns-is-layout-flex\">\n<div class=\"wp-block-column is-vertically-aligned-center is-layout-flow wp-block-column-is-layout-flow\">\n<p>Quer receber informa\u00e7\u00f5es em primeira m\u00e3o sobre o lan\u00e7amento oficial dos relat\u00f3rios nacionais? Inscreva-se para receber as publica\u00e7\u00f5es mais recentes do estudo clicando no link abaixo.<\/p>\n<\/div>\n\n\n\n<div class=\"wp-block-column is-vertically-aligned-center has-contrast-3-color has-text-color has-link-color wp-elements-5c8498e46077f9e719b65452f17fce2d is-layout-flow wp-block-column-is-layout-flow\">\n<div class=\"wp-block-buttons is-layout-flex wp-block-buttons-is-layout-flex\">\n<div class=\"wp-block-button has-custom-width wp-block-button__width-100\"><a class=\"wp-block-button__link wp-element-button\" href=\"https:\/\/docs.google.com\/forms\/d\/11j2J5qc8Irv40WY8ke4pPlW9CzQBlztphfEJMtkwRNs\/edit\" target=\"_blank\" rel=\"noreferrer noopener\">Registre-se em<\/a><\/div>\n<\/div>\n<\/div>\n<\/div>\n<\/div>","protected":false},"excerpt":{"rendered":"<p>Para obter mais informa\u00e7\u00f5es, colabora\u00e7\u00f5es e consultas, entre em contato: Anabel Bilbao G. - FES Equador - anabel.bilbao@fes.deConstantin Groll - Representante da FES Equador - constantin.groll@fes.deCamila Rodr\u00edguez - camila.rodr\u00edguez@fes.de Voc\u00ea quer ser o primeiro a saber sobre o lan\u00e7amento oficial dos relat\u00f3rios dos pa\u00edses? Inscreva-se no link a seguir para receber as \u00faltimas publica\u00e7\u00f5es do estudo.<\/p>","protected":false},"author":1,"featured_media":0,"parent":0,"menu_order":4,"comment_status":"closed","ping_status":"closed","template":"","meta":{"footnotes":""},"class_list":["post-165","page","type-page","status-publish","hentry"],"yoast_head":"<!-- This site is optimized with the Yoast SEO plugin v26.5 - https:\/\/yoast.com\/wordpress\/plugins\/seo\/ -->\n<title>Cont\u00e1ctanos - Juventudes: Asignatura Pendiente<\/title>\n<meta name=\"robots\" content=\"index, follow, max-snippet:-1, max-image-preview:large, max-video-preview:-1\" \/>\n<link rel=\"canonical\" href=\"https:\/\/juventudesasignaturapendiente.com\/pt\/contacto\/\" \/>\n<meta property=\"og:locale\" content=\"pt_BR\" \/>\n<meta property=\"og:type\" content=\"article\" \/>\n<meta property=\"og:title\" content=\"Cont\u00e1ctanos - Juventudes: Asignatura Pendiente\" \/>\n<meta property=\"og:description\" content=\"Para mayor informaci\u00f3n, colaboraciones y consultas cont\u00e1ctate con: Anabel Bilbao G. &#8211; FES Ecuador &#8211; anabel.bilbao@fes.deConstantin Groll \u2013 Representante FES Ecuador \u2013 constantin.groll@fes.deCamila Rodr\u00edguez &#8211; camila.rodr\u00edguez@fes.de \u00bfQuieres enterarte primero del lanzamiento oficial de los informes nacionales? Inscr\u00edbete en el siguiente enlace para recibir las m\u00e1s recientes publicaciones del estudio.\" \/>\n<meta property=\"og:url\" content=\"https:\/\/juventudesasignaturapendiente.com\/pt\/contacto\/\" \/>\n<meta property=\"og:site_name\" content=\"Juventudes: Asignatura Pendiente\" \/>\n<meta property=\"article:publisher\" content=\"https:\/\/www.facebook.com\/fesarg\/\" \/>\n<meta property=\"article:modified_time\" content=\"2024-11-04T17:45:50+00:00\" \/>\n<meta name=\"twitter:card\" content=\"summary_large_image\" \/>\n<meta name=\"twitter:site\" content=\"@fes_argentina\" \/>\n<script type=\"application\/ld+json\" class=\"yoast-schema-graph\">{\"@context\":\"https:\/\/schema.org\",\"@graph\":[{\"@type\":\"WebPage\",\"@id\":\"https:\/\/juventudesasignaturapendiente.com\/contacto\/\",\"url\":\"https:\/\/juventudesasignaturapendiente.com\/contacto\/\",\"name\":\"Cont\u00e1ctanos - Juventudes: Asignatura Pendiente\",\"isPartOf\":{\"@id\":\"https:\/\/juventudesasignaturapendiente.com\/#website\"},\"datePublished\":\"2024-08-01T01:37:56+00:00\",\"dateModified\":\"2024-11-04T17:45:50+00:00\",\"breadcrumb\":{\"@id\":\"https:\/\/juventudesasignaturapendiente.com\/contacto\/#breadcrumb\"},\"inLanguage\":\"pt-BR\",\"potentialAction\":[{\"@type\":\"ReadAction\",\"target\":[\"https:\/\/juventudesasignaturapendiente.com\/contacto\/\"]}]},{\"@type\":\"BreadcrumbList\",\"@id\":\"https:\/\/juventudesasignaturapendiente.com\/contacto\/#breadcrumb\",\"itemListElement\":[{\"@type\":\"ListItem\",\"position\":1,\"name\":\"Portada\",\"item\":\"https:\/\/juventudesasignaturapendiente.com\/\"},{\"@type\":\"ListItem\",\"position\":2,\"name\":\"Cont\u00e1ctanos\"}]},{\"@type\":\"WebSite\",\"@id\":\"https:\/\/juventudesasignaturapendiente.com\/#website\",\"url\":\"https:\/\/juventudesasignaturapendiente.com\/\",\"name\":\"Juventudes: Asignatura Pendiente\",\"description\":\"Friedrich Ebert Stiftung\",\"publisher\":{\"@id\":\"https:\/\/juventudesasignaturapendiente.com\/#organization\"},\"potentialAction\":[{\"@type\":\"SearchAction\",\"target\":{\"@type\":\"EntryPoint\",\"urlTemplate\":\"https:\/\/juventudesasignaturapendiente.com\/?s={search_term_string}\"},\"query-input\":{\"@type\":\"PropertyValueSpecification\",\"valueRequired\":true,\"valueName\":\"search_term_string\"}}],\"inLanguage\":\"pt-BR\"},{\"@type\":\"Organization\",\"@id\":\"https:\/\/juventudesasignaturapendiente.com\/#organization\",\"name\":\"Fundaci\u00f3n-Friedrich-Ebert\",\"url\":\"https:\/\/juventudesasignaturapendiente.com\/\",\"logo\":{\"@type\":\"ImageObject\",\"inLanguage\":\"pt-BR\",\"@id\":\"https:\/\/juventudesasignaturapendiente.com\/#\/schema\/logo\/image\/\",\"url\":\"https:\/\/juventudesasignaturapendiente.com\/wp-content\/uploads\/2024\/08\/FES-Juventudes-LogoNew-1.svg\",\"contentUrl\":\"https:\/\/juventudesasignaturapendiente.com\/wp-content\/uploads\/2024\/08\/FES-Juventudes-LogoNew-1.svg\",\"width\":1080,\"height\":1080,\"caption\":\"Fundaci\u00f3n-Friedrich-Ebert\"},\"image\":{\"@id\":\"https:\/\/juventudesasignaturapendiente.com\/#\/schema\/logo\/image\/\"},\"sameAs\":[\"https:\/\/www.facebook.com\/fesarg\/\",\"https:\/\/x.com\/fes_argentina\",\"https:\/\/www.instagram.com\/fes_argentina\/\",\"https:\/\/www.youtube.com\/channel\/UCKMHy99jHq3rWZoofnmwVYg\",\"https:\/\/www.facebook.com\/BoliviaFES\",\"https:\/\/twitter.com\/BoliviaFes\/\",\"https:\/\/www.threads.net\/@fes_brasil?xmt=AQGzkaXU3Xg0eKjcNgLxMYCU3LC-bOgq-p_iFIHTe-k4qNE\",\"https:\/\/www.youtube.com\/fesbrasil\",\"https:\/\/www.facebook.com\/brasil.FES\/\",\"https:\/\/twitter.com\/brasil_fes\",\"https:\/\/www.facebook.com\/feschile\",\"https:\/\/twitter.com\/FESChile\",\"https:\/\/www.youtube.com\/channel\/UCp9vxVYEjrlVyEeIq1BdeMg\/videos\",\"https:\/\/www.instagram.com\/feschile\",\"https:\/\/www.facebook.com\/fescol\/\",\"https:\/\/twitter.com\/fundacionFESCOL\",\"http:\/\/www.youtube.com\/user\/ContactoFESCOL\/videos\",\"https:\/\/www.instagram.com\/fes.col\",\"https:\/\/www.youtube.com\/channel\/UC2DGAJShtR8VRwG11Jz6Cfw\",\"https:\/\/www.facebook.com\/FriedrichEbertStiftungEcuador\/\",\"https:\/\/twitter.com\/EcuadorFes\",\"https:\/\/www.youtube.com\/channel\/UC2D0VC_NflMrJH4EiZysvsA\",\"https:\/\/www.instagram.com\/fes_ecuador\/\",\"https:\/\/www.facebook.com\/FESAmericaCentral\/\",\"https:\/\/twitter.com\/FES_Caribe\",\"https:\/\/www.youtube.com\/channel\/UC0oF-rrtiCITUR_7LEk0JDw\",\"https:\/\/www.instagram.com\/fescaribe\",\"http:\/\/www.facebook.com\/FESMEX\/\",\"http:\/\/twitter.com\/fesmex\",\"https:\/\/www.instagram.com\/fesmex\",\"https:\/\/twitter.com\/FesPeru\",\"https:\/\/www.facebook.com\/PeruFES\",\"https:\/\/www.facebook.com\/fesurfesur\",\"https:\/\/twitter.com\/FESUruguay\",\"https:\/\/www.youtube.com\/user\/FESURTV\",\"https:\/\/www.instagram.com\/fes_uruguay\",\"https:\/\/www.facebook.com\/IldisFesVe\",\"https:\/\/www.youtube.com\/channel\/UC487K4T8R8Pb6yvfX_AUFfQ\",\"https:\/\/www.instagram.com\/ildisfesve\"]}]}<\/script>\n<!-- \/ Yoast SEO plugin. -->","yoast_head_json":{"title":"Entre em contato conosco - Youth: Unfinished Business","robots":{"index":"index","follow":"follow","max-snippet":"max-snippet:-1","max-image-preview":"max-image-preview:large","max-video-preview":"max-video-preview:-1"},"canonical":"https:\/\/juventudesasignaturapendiente.com\/pt\/contacto\/","og_locale":"pt_BR","og_type":"article","og_title":"Cont\u00e1ctanos - Juventudes: Asignatura Pendiente","og_description":"Para mayor informaci\u00f3n, colaboraciones y consultas cont\u00e1ctate con: Anabel Bilbao G. &#8211; FES Ecuador &#8211; anabel.bilbao@fes.deConstantin Groll \u2013 Representante FES Ecuador \u2013 constantin.groll@fes.deCamila Rodr\u00edguez &#8211; camila.rodr\u00edguez@fes.de \u00bfQuieres enterarte primero del lanzamiento oficial de los informes nacionales? Inscr\u00edbete en el siguiente enlace para recibir las m\u00e1s recientes publicaciones del estudio.","og_url":"https:\/\/juventudesasignaturapendiente.com\/pt\/contacto\/","og_site_name":"Juventudes: Asignatura Pendiente","article_publisher":"https:\/\/www.facebook.com\/fesarg\/","article_modified_time":"2024-11-04T17:45:50+00:00","twitter_card":"summary_large_image","twitter_site":"@fes_argentina","schema":{"@context":"https:\/\/schema.org","@graph":[{"@type":"WebPage","@id":"https:\/\/juventudesasignaturapendiente.com\/contacto\/","url":"https:\/\/juventudesasignaturapendiente.com\/contacto\/","name":"Entre em contato conosco - Youth: Unfinished Business","isPartOf":{"@id":"https:\/\/juventudesasignaturapendiente.com\/#website"},"datePublished":"2024-08-01T01:37:56+00:00","dateModified":"2024-11-04T17:45:50+00:00","breadcrumb":{"@id":"https:\/\/juventudesasignaturapendiente.com\/contacto\/#breadcrumb"},"inLanguage":"pt-BR","potentialAction":[{"@type":"ReadAction","target":["https:\/\/juventudesasignaturapendiente.com\/contacto\/"]}]},{"@type":"BreadcrumbList","@id":"https:\/\/juventudesasignaturapendiente.com\/contacto\/#breadcrumb","itemListElement":[{"@type":"ListItem","position":1,"name":"Portada","item":"https:\/\/juventudesasignaturapendiente.com\/"},{"@type":"ListItem","position":2,"name":"Cont\u00e1ctanos"}]},{"@type":"WebSite","@id":"https:\/\/juventudesasignaturapendiente.com\/#website","url":"https:\/\/juventudesasignaturapendiente.com\/","name":"\"Juventudes: um desafio pendente\"","description":"Funda\u00e7\u00e3o Friedrich Ebert","publisher":{"@id":"https:\/\/juventudesasignaturapendiente.com\/#organization"},"potentialAction":[{"@type":"SearchAction","target":{"@type":"EntryPoint","urlTemplate":"https:\/\/juventudesasignaturapendiente.com\/?s={search_term_string}"},"query-input":{"@type":"PropertyValueSpecification","valueRequired":true,"valueName":"search_term_string"}}],"inLanguage":"pt-BR"},{"@type":"Organization","@id":"https:\/\/juventudesasignaturapendiente.com\/#organization","name":"Friedrich-Ebert-Stiftung","url":"https:\/\/juventudesasignaturapendiente.com\/","logo":{"@type":"ImageObject","inLanguage":"pt-BR","@id":"https:\/\/juventudesasignaturapendiente.com\/#\/schema\/logo\/image\/","url":"https:\/\/juventudesasignaturapendiente.com\/wp-content\/uploads\/2024\/08\/FES-Juventudes-LogoNew-1.svg","contentUrl":"https:\/\/juventudesasignaturapendiente.com\/wp-content\/uploads\/2024\/08\/FES-Juventudes-LogoNew-1.svg","width":1080,"height":1080,"caption":"Fundaci\u00f3n-Friedrich-Ebert"},"image":{"@id":"https:\/\/juventudesasignaturapendiente.com\/#\/schema\/logo\/image\/"},"sameAs":["https:\/\/www.facebook.com\/fesarg\/","https:\/\/x.com\/fes_argentina","https:\/\/www.instagram.com\/fes_argentina\/","https:\/\/www.youtube.com\/channel\/UCKMHy99jHq3rWZoofnmwVYg","https:\/\/www.facebook.com\/BoliviaFES","https:\/\/twitter.com\/BoliviaFes\/","https:\/\/www.threads.net\/@fes_brasil?xmt=AQGzkaXU3Xg0eKjcNgLxMYCU3LC-bOgq-p_iFIHTe-k4qNE","https:\/\/www.youtube.com\/fesbrasil","https:\/\/www.facebook.com\/brasil.FES\/","https:\/\/twitter.com\/brasil_fes","https:\/\/www.facebook.com\/feschile","https:\/\/twitter.com\/FESChile","https:\/\/www.youtube.com\/channel\/UCp9vxVYEjrlVyEeIq1BdeMg\/videos","https:\/\/www.instagram.com\/feschile","https:\/\/www.facebook.com\/fescol\/","https:\/\/twitter.com\/fundacionFESCOL","http:\/\/www.youtube.com\/user\/ContactoFESCOL\/videos","https:\/\/www.instagram.com\/fes.col","https:\/\/www.youtube.com\/channel\/UC2DGAJShtR8VRwG11Jz6Cfw","https:\/\/www.facebook.com\/FriedrichEbertStiftungEcuador\/","https:\/\/twitter.com\/EcuadorFes","https:\/\/www.youtube.com\/channel\/UC2D0VC_NflMrJH4EiZysvsA","https:\/\/www.instagram.com\/fes_ecuador\/","https:\/\/www.facebook.com\/FESAmericaCentral\/","https:\/\/twitter.com\/FES_Caribe","https:\/\/www.youtube.com\/channel\/UC0oF-rrtiCITUR_7LEk0JDw","https:\/\/www.instagram.com\/fescaribe","http:\/\/www.facebook.com\/FESMEX\/","http:\/\/twitter.com\/fesmex","https:\/\/www.instagram.com\/fesmex","https:\/\/twitter.com\/FesPeru","https:\/\/www.facebook.com\/PeruFES","https:\/\/www.facebook.com\/fesurfesur","https:\/\/twitter.com\/FESUruguay","https:\/\/www.youtube.com\/user\/FESURTV","https:\/\/www.instagram.com\/fes_uruguay","https:\/\/www.facebook.com\/IldisFesVe","https:\/\/www.youtube.com\/channel\/UC487K4T8R8Pb6yvfX_AUFfQ","https:\/\/www.instagram.com\/ildisfesve"]}]}},"_links":{"self":[{"href":"https:\/\/juventudesasignaturapendiente.com\/pt\/wp-json\/wp\/v2\/pages\/165","targetHints":{"allow":["GET"]}}],"collection":[{"href":"https:\/\/juventudesasignaturapendiente.com\/pt\/wp-json\/wp\/v2\/pages"}],"about":[{"href":"https:\/\/juventudesasignaturapendiente.com\/pt\/wp-json\/wp\/v2\/types\/page"}],"author":[{"embeddable":true,"href":"https:\/\/juventudesasignaturapendiente.com\/pt\/wp-json\/wp\/v2\/users\/1"}],"replies":[{"embeddable":true,"href":"https:\/\/juventudesasignaturapendiente.com\/pt\/wp-json\/wp\/v2\/comments?post=165"}],"version-history":[{"count":7,"href":"https:\/\/juventudesasignaturapendiente.com\/pt\/wp-json\/wp\/v2\/pages\/165\/revisions"}],"predecessor-version":[{"id":569,"href":"https:\/\/juventudesasignaturapendiente.com\/pt\/wp-json\/wp\/v2\/pages\/165\/revisions\/569"}],"wp:attachment":[{"href":"https:\/\/juventudesasignaturapendiente.com\/pt\/wp-json\/wp\/v2\/media?parent=165"}],"curies":[{"name":"wp","href":"https:\/\/api.w.org\/{rel}","templated":true}]}}