{"id":162,"date":"2024-08-01T01:36:43","date_gmt":"2024-08-01T01:36:43","guid":{"rendered":"https:\/\/juventudesasignaturapendiente.com\/?page_id=162"},"modified":"2024-11-04T12:27:54","modified_gmt":"2024-11-04T17:27:54","slug":"fes-latina","status":"publish","type":"page","link":"https:\/\/juventudesasignaturapendiente.com\/pt\/fes-latina\/","title":{"rendered":"A Friedrich-Ebert-Stiftung na Am\u00e9rica Latina e no Caribe"},"content":{"rendered":"<div class=\"wp-block-group has-base-2-background-color has-background is-layout-flow wp-block-group-is-layout-flow\" style=\"padding-top:var(--wp--preset--spacing--40);padding-right:var(--wp--preset--spacing--40);padding-bottom:var(--wp--preset--spacing--40);padding-left:var(--wp--preset--spacing--40)\">\n<p>A Funda\u00e7\u00e3o<strong> Friedrich-Ebert-Stiftung (FES)<\/strong> \u00e9 uma organiza\u00e7\u00e3o alem\u00e3 dedicada aos valores da democracia e da justi\u00e7a social, com presen\u00e7a em mais de 100 pa\u00edses. Entre seus temas de atua\u00e7\u00e3o est\u00e1 o trabalho com as juventudes pol\u00edticas em n\u00edveis nacional, regional e global.&nbsp;<\/p>\n\n\n\n<p>Desde 2024, promove o projeto \"Juventudes: um desafio pendente\", com o objetivo de reunir informa\u00e7\u00f5es e dados s\u00f3lidos sobre a participa\u00e7\u00e3o pol\u00edtica das juventudes na Am\u00e9rica Latina e no Caribe.<\/p>\n\n\n\n<p>Saiba mais, visite o site e as redes sociais do escrit\u00f3rio da FES do seu pa\u00eds.<\/p>\n<\/div>","protected":false},"excerpt":{"rendered":"<p>A Friedrich-Ebert-Stiftung (FES) \u00e9 uma organiza\u00e7\u00e3o alem\u00e3 representada em mais de 100 pa\u00edses em todo o mundo e comprometida com os valores da democracia e da justi\u00e7a social. Uma de suas principais linhas de a\u00e7\u00e3o \u00e9 o trabalho com a juventude pol\u00edtica em n\u00edvel nacional, regional e global.  Desde 2024, ela vem promovendo o projeto Juventude: [...]<\/p>","protected":false},"author":1,"featured_media":0,"parent":0,"menu_order":3,"comment_status":"closed","ping_status":"closed","template":"","meta":{"footnotes":""},"class_list":["post-162","page","type-page","status-publish","hentry"],"yoast_head":"<!-- This site is optimized with the Yoast SEO plugin v26.5 - https:\/\/yoast.com\/wordpress\/plugins\/seo\/ -->\n<title>La Friedrich-Ebert-Stiftung en Am\u00e9rica Latina y el Caribe - Juventudes: Asignatura Pendiente<\/title>\n<meta name=\"robots\" content=\"index, follow, max-snippet:-1, max-image-preview:large, max-video-preview:-1\" \/>\n<link rel=\"canonical\" href=\"https:\/\/juventudesasignaturapendiente.com\/pt\/fes-latina\/\" \/>\n<meta property=\"og:locale\" content=\"pt_BR\" \/>\n<meta property=\"og:type\" content=\"article\" \/>\n<meta property=\"og:title\" content=\"La Friedrich-Ebert-Stiftung en Am\u00e9rica Latina y el Caribe - Juventudes: Asignatura Pendiente\" \/>\n<meta property=\"og:description\" content=\"La Friedrich-Ebert-Stiftung (FES) es una organizaci\u00f3n alemana con representaci\u00f3n en m\u00e1s de 100 pa\u00edses del mundo y comprometida con los valores de la democracia y la justicia social. Una de las principales l\u00edneas de acci\u00f3n es el trabajo con juventudes pol\u00edticas a nivel nacional, regional y global.&nbsp; Desde el 2024 ha impulsado el proyecto Juventudes: [&hellip;]\" \/>\n<meta property=\"og:url\" content=\"https:\/\/juventudesasignaturapendiente.com\/pt\/fes-latina\/\" \/>\n<meta property=\"og:site_name\" content=\"Juventudes: Asignatura Pendiente\" \/>\n<meta property=\"article:publisher\" content=\"https:\/\/www.facebook.com\/fesarg\/\" \/>\n<meta property=\"article:modified_time\" content=\"2024-11-04T17:27:54+00:00\" \/>\n<meta name=\"twitter:card\" content=\"summary_large_image\" \/>\n<meta name=\"twitter:site\" content=\"@fes_argentina\" \/>\n<meta name=\"twitter:label1\" content=\"Est. tempo de leitura\" \/>\n\t<meta name=\"twitter:data1\" content=\"1 minuto\" \/>\n<script type=\"application\/ld+json\" class=\"yoast-schema-graph\">{\"@context\":\"https:\/\/schema.org\",\"@graph\":[{\"@type\":\"WebPage\",\"@id\":\"https:\/\/juventudesasignaturapendiente.com\/fes-latina\/\",\"url\":\"https:\/\/juventudesasignaturapendiente.com\/fes-latina\/\",\"name\":\"La Friedrich-Ebert-Stiftung en Am\u00e9rica Latina y el Caribe - Juventudes: Asignatura Pendiente\",\"isPartOf\":{\"@id\":\"https:\/\/juventudesasignaturapendiente.com\/#website\"},\"datePublished\":\"2024-08-01T01:36:43+00:00\",\"dateModified\":\"2024-11-04T17:27:54+00:00\",\"breadcrumb\":{\"@id\":\"https:\/\/juventudesasignaturapendiente.com\/fes-latina\/#breadcrumb\"},\"inLanguage\":\"pt-BR\",\"potentialAction\":[{\"@type\":\"ReadAction\",\"target\":[\"https:\/\/juventudesasignaturapendiente.com\/fes-latina\/\"]}]},{\"@type\":\"BreadcrumbList\",\"@id\":\"https:\/\/juventudesasignaturapendiente.com\/fes-latina\/#breadcrumb\",\"itemListElement\":[{\"@type\":\"ListItem\",\"position\":1,\"name\":\"Portada\",\"item\":\"https:\/\/juventudesasignaturapendiente.com\/\"},{\"@type\":\"ListItem\",\"position\":2,\"name\":\"La Friedrich-Ebert-Stiftung en Am\u00e9rica Latina y el Caribe\"}]},{\"@type\":\"WebSite\",\"@id\":\"https:\/\/juventudesasignaturapendiente.com\/#website\",\"url\":\"https:\/\/juventudesasignaturapendiente.com\/\",\"name\":\"Juventudes: Asignatura Pendiente\",\"description\":\"Friedrich Ebert Stiftung\",\"publisher\":{\"@id\":\"https:\/\/juventudesasignaturapendiente.com\/#organization\"},\"potentialAction\":[{\"@type\":\"SearchAction\",\"target\":{\"@type\":\"EntryPoint\",\"urlTemplate\":\"https:\/\/juventudesasignaturapendiente.com\/?s={search_term_string}\"},\"query-input\":{\"@type\":\"PropertyValueSpecification\",\"valueRequired\":true,\"valueName\":\"search_term_string\"}}],\"inLanguage\":\"pt-BR\"},{\"@type\":\"Organization\",\"@id\":\"https:\/\/juventudesasignaturapendiente.com\/#organization\",\"name\":\"Fundaci\u00f3n-Friedrich-Ebert\",\"url\":\"https:\/\/juventudesasignaturapendiente.com\/\",\"logo\":{\"@type\":\"ImageObject\",\"inLanguage\":\"pt-BR\",\"@id\":\"https:\/\/juventudesasignaturapendiente.com\/#\/schema\/logo\/image\/\",\"url\":\"https:\/\/juventudesasignaturapendiente.com\/wp-content\/uploads\/2024\/08\/FES-Juventudes-LogoNew-1.svg\",\"contentUrl\":\"https:\/\/juventudesasignaturapendiente.com\/wp-content\/uploads\/2024\/08\/FES-Juventudes-LogoNew-1.svg\",\"width\":1080,\"height\":1080,\"caption\":\"Fundaci\u00f3n-Friedrich-Ebert\"},\"image\":{\"@id\":\"https:\/\/juventudesasignaturapendiente.com\/#\/schema\/logo\/image\/\"},\"sameAs\":[\"https:\/\/www.facebook.com\/fesarg\/\",\"https:\/\/x.com\/fes_argentina\",\"https:\/\/www.instagram.com\/fes_argentina\/\",\"https:\/\/www.youtube.com\/channel\/UCKMHy99jHq3rWZoofnmwVYg\",\"https:\/\/www.facebook.com\/BoliviaFES\",\"https:\/\/twitter.com\/BoliviaFes\/\",\"https:\/\/www.threads.net\/@fes_brasil?xmt=AQGzkaXU3Xg0eKjcNgLxMYCU3LC-bOgq-p_iFIHTe-k4qNE\",\"https:\/\/www.youtube.com\/fesbrasil\",\"https:\/\/www.facebook.com\/brasil.FES\/\",\"https:\/\/twitter.com\/brasil_fes\",\"https:\/\/www.facebook.com\/feschile\",\"https:\/\/twitter.com\/FESChile\",\"https:\/\/www.youtube.com\/channel\/UCp9vxVYEjrlVyEeIq1BdeMg\/videos\",\"https:\/\/www.instagram.com\/feschile\",\"https:\/\/www.facebook.com\/fescol\/\",\"https:\/\/twitter.com\/fundacionFESCOL\",\"http:\/\/www.youtube.com\/user\/ContactoFESCOL\/videos\",\"https:\/\/www.instagram.com\/fes.col\",\"https:\/\/www.youtube.com\/channel\/UC2DGAJShtR8VRwG11Jz6Cfw\",\"https:\/\/www.facebook.com\/FriedrichEbertStiftungEcuador\/\",\"https:\/\/twitter.com\/EcuadorFes\",\"https:\/\/www.youtube.com\/channel\/UC2D0VC_NflMrJH4EiZysvsA\",\"https:\/\/www.instagram.com\/fes_ecuador\/\",\"https:\/\/www.facebook.com\/FESAmericaCentral\/\",\"https:\/\/twitter.com\/FES_Caribe\",\"https:\/\/www.youtube.com\/channel\/UC0oF-rrtiCITUR_7LEk0JDw\",\"https:\/\/www.instagram.com\/fescaribe\",\"http:\/\/www.facebook.com\/FESMEX\/\",\"http:\/\/twitter.com\/fesmex\",\"https:\/\/www.instagram.com\/fesmex\",\"https:\/\/twitter.com\/FesPeru\",\"https:\/\/www.facebook.com\/PeruFES\",\"https:\/\/www.facebook.com\/fesurfesur\",\"https:\/\/twitter.com\/FESUruguay\",\"https:\/\/www.youtube.com\/user\/FESURTV\",\"https:\/\/www.instagram.com\/fes_uruguay\",\"https:\/\/www.facebook.com\/IldisFesVe\",\"https:\/\/www.youtube.com\/channel\/UC487K4T8R8Pb6yvfX_AUFfQ\",\"https:\/\/www.instagram.com\/ildisfesve\"]}]}<\/script>\n<!-- \/ Yoast SEO plugin. -->","yoast_head_json":{"title":"A Friedrich-Ebert-Stiftung na Am\u00e9rica Latina e no Caribe - Juventude: uma quest\u00e3o pendente","robots":{"index":"index","follow":"follow","max-snippet":"max-snippet:-1","max-image-preview":"max-image-preview:large","max-video-preview":"max-video-preview:-1"},"canonical":"https:\/\/juventudesasignaturapendiente.com\/pt\/fes-latina\/","og_locale":"pt_BR","og_type":"article","og_title":"La Friedrich-Ebert-Stiftung en Am\u00e9rica Latina y el Caribe - Juventudes: Asignatura Pendiente","og_description":"La Friedrich-Ebert-Stiftung (FES) es una organizaci\u00f3n alemana con representaci\u00f3n en m\u00e1s de 100 pa\u00edses del mundo y comprometida con los valores de la democracia y la justicia social. Una de las principales l\u00edneas de acci\u00f3n es el trabajo con juventudes pol\u00edticas a nivel nacional, regional y global.&nbsp; Desde el 2024 ha impulsado el proyecto Juventudes: [&hellip;]","og_url":"https:\/\/juventudesasignaturapendiente.com\/pt\/fes-latina\/","og_site_name":"Juventudes: Asignatura Pendiente","article_publisher":"https:\/\/www.facebook.com\/fesarg\/","article_modified_time":"2024-11-04T17:27:54+00:00","twitter_card":"summary_large_image","twitter_site":"@fes_argentina","twitter_misc":{"Est. tempo de leitura":"1 minuto"},"schema":{"@context":"https:\/\/schema.org","@graph":[{"@type":"WebPage","@id":"https:\/\/juventudesasignaturapendiente.com\/fes-latina\/","url":"https:\/\/juventudesasignaturapendiente.com\/fes-latina\/","name":"A Friedrich-Ebert-Stiftung na Am\u00e9rica Latina e no Caribe - Juventude: uma quest\u00e3o pendente","isPartOf":{"@id":"https:\/\/juventudesasignaturapendiente.com\/#website"},"datePublished":"2024-08-01T01:36:43+00:00","dateModified":"2024-11-04T17:27:54+00:00","breadcrumb":{"@id":"https:\/\/juventudesasignaturapendiente.com\/fes-latina\/#breadcrumb"},"inLanguage":"pt-BR","potentialAction":[{"@type":"ReadAction","target":["https:\/\/juventudesasignaturapendiente.com\/fes-latina\/"]}]},{"@type":"BreadcrumbList","@id":"https:\/\/juventudesasignaturapendiente.com\/fes-latina\/#breadcrumb","itemListElement":[{"@type":"ListItem","position":1,"name":"Portada","item":"https:\/\/juventudesasignaturapendiente.com\/"},{"@type":"ListItem","position":2,"name":"La Friedrich-Ebert-Stiftung en Am\u00e9rica Latina y el Caribe"}]},{"@type":"WebSite","@id":"https:\/\/juventudesasignaturapendiente.com\/#website","url":"https:\/\/juventudesasignaturapendiente.com\/","name":"\"Juventudes: um desafio pendente\"","description":"Funda\u00e7\u00e3o Friedrich Ebert","publisher":{"@id":"https:\/\/juventudesasignaturapendiente.com\/#organization"},"potentialAction":[{"@type":"SearchAction","target":{"@type":"EntryPoint","urlTemplate":"https:\/\/juventudesasignaturapendiente.com\/?s={search_term_string}"},"query-input":{"@type":"PropertyValueSpecification","valueRequired":true,"valueName":"search_term_string"}}],"inLanguage":"pt-BR"},{"@type":"Organization","@id":"https:\/\/juventudesasignaturapendiente.com\/#organization","name":"Friedrich-Ebert-Stiftung","url":"https:\/\/juventudesasignaturapendiente.com\/","logo":{"@type":"ImageObject","inLanguage":"pt-BR","@id":"https:\/\/juventudesasignaturapendiente.com\/#\/schema\/logo\/image\/","url":"https:\/\/juventudesasignaturapendiente.com\/wp-content\/uploads\/2024\/08\/FES-Juventudes-LogoNew-1.svg","contentUrl":"https:\/\/juventudesasignaturapendiente.com\/wp-content\/uploads\/2024\/08\/FES-Juventudes-LogoNew-1.svg","width":1080,"height":1080,"caption":"Fundaci\u00f3n-Friedrich-Ebert"},"image":{"@id":"https:\/\/juventudesasignaturapendiente.com\/#\/schema\/logo\/image\/"},"sameAs":["https:\/\/www.facebook.com\/fesarg\/","https:\/\/x.com\/fes_argentina","https:\/\/www.instagram.com\/fes_argentina\/","https:\/\/www.youtube.com\/channel\/UCKMHy99jHq3rWZoofnmwVYg","https:\/\/www.facebook.com\/BoliviaFES","https:\/\/twitter.com\/BoliviaFes\/","https:\/\/www.threads.net\/@fes_brasil?xmt=AQGzkaXU3Xg0eKjcNgLxMYCU3LC-bOgq-p_iFIHTe-k4qNE","https:\/\/www.youtube.com\/fesbrasil","https:\/\/www.facebook.com\/brasil.FES\/","https:\/\/twitter.com\/brasil_fes","https:\/\/www.facebook.com\/feschile","https:\/\/twitter.com\/FESChile","https:\/\/www.youtube.com\/channel\/UCp9vxVYEjrlVyEeIq1BdeMg\/videos","https:\/\/www.instagram.com\/feschile","https:\/\/www.facebook.com\/fescol\/","https:\/\/twitter.com\/fundacionFESCOL","http:\/\/www.youtube.com\/user\/ContactoFESCOL\/videos","https:\/\/www.instagram.com\/fes.col","https:\/\/www.youtube.com\/channel\/UC2DGAJShtR8VRwG11Jz6Cfw","https:\/\/www.facebook.com\/FriedrichEbertStiftungEcuador\/","https:\/\/twitter.com\/EcuadorFes","https:\/\/www.youtube.com\/channel\/UC2D0VC_NflMrJH4EiZysvsA","https:\/\/www.instagram.com\/fes_ecuador\/","https:\/\/www.facebook.com\/FESAmericaCentral\/","https:\/\/twitter.com\/FES_Caribe","https:\/\/www.youtube.com\/channel\/UC0oF-rrtiCITUR_7LEk0JDw","https:\/\/www.instagram.com\/fescaribe","http:\/\/www.facebook.com\/FESMEX\/","http:\/\/twitter.com\/fesmex","https:\/\/www.instagram.com\/fesmex","https:\/\/twitter.com\/FesPeru","https:\/\/www.facebook.com\/PeruFES","https:\/\/www.facebook.com\/fesurfesur","https:\/\/twitter.com\/FESUruguay","https:\/\/www.youtube.com\/user\/FESURTV","https:\/\/www.instagram.com\/fes_uruguay","https:\/\/www.facebook.com\/IldisFesVe","https:\/\/www.youtube.com\/channel\/UC487K4T8R8Pb6yvfX_AUFfQ","https:\/\/www.instagram.com\/ildisfesve"]}]}},"_links":{"self":[{"href":"https:\/\/juventudesasignaturapendiente.com\/pt\/wp-json\/wp\/v2\/pages\/162","targetHints":{"allow":["GET"]}}],"collection":[{"href":"https:\/\/juventudesasignaturapendiente.com\/pt\/wp-json\/wp\/v2\/pages"}],"about":[{"href":"https:\/\/juventudesasignaturapendiente.com\/pt\/wp-json\/wp\/v2\/types\/page"}],"author":[{"embeddable":true,"href":"https:\/\/juventudesasignaturapendiente.com\/pt\/wp-json\/wp\/v2\/users\/1"}],"replies":[{"embeddable":true,"href":"https:\/\/juventudesasignaturapendiente.com\/pt\/wp-json\/wp\/v2\/comments?post=162"}],"version-history":[{"count":9,"href":"https:\/\/juventudesasignaturapendiente.com\/pt\/wp-json\/wp\/v2\/pages\/162\/revisions"}],"predecessor-version":[{"id":557,"href":"https:\/\/juventudesasignaturapendiente.com\/pt\/wp-json\/wp\/v2\/pages\/162\/revisions\/557"}],"wp:attachment":[{"href":"https:\/\/juventudesasignaturapendiente.com\/pt\/wp-json\/wp\/v2\/media?parent=162"}],"curies":[{"name":"wp","href":"https:\/\/api.w.org\/{rel}","templated":true}]}}