{"id":231,"date":"2024-08-23T13:11:01","date_gmt":"2024-08-23T13:11:01","guid":{"rendered":"https:\/\/juventudesasignaturapendiente.com\/?page_id=231"},"modified":"2024-11-04T12:44:52","modified_gmt":"2024-11-04T17:44:52","slug":"indice-de-preguntas","status":"publish","type":"page","link":"https:\/\/juventudesasignaturapendiente.com\/en\/indice-de-preguntas\/","title":{"rendered":"Index of questions"},"content":{"rendered":"<blockquote class=\"wp-block-quote is-style-default is-layout-flow wp-block-quote-is-layout-flow\">\n<div class=\"wp-block-group is-nowrap is-layout-flex wp-container-core-group-is-layout-ce5cae2e wp-block-group-is-layout-flex\" style=\"margin-top:-20px;margin-bottom:-20px\">\n<p class=\"has-x-large-font-size\"><i class=\"fas fa-triangle-exclamation\"><\/i><\/p>\n\n\n\n<p class=\"has-medium-font-size\">This is a first thematic selection of the questions asked in the study. It does not show the totality of the questionnaire applied.<\/p>\n<\/div>\n<\/blockquote>\n\n\n\n<blockquote class=\"wp-block-quote is-style-default is-layout-flow wp-container-core-quote-is-layout-8a368f38 wp-block-quote-is-layout-flow\">\n<div class=\"wp-block-group is-nowrap is-layout-flex wp-container-core-group-is-layout-5b0f6098 wp-block-group-is-layout-flex\" style=\"margin-top:-20px;margin-bottom:-20px;padding-top:0;padding-right:0;padding-bottom:0;padding-left:0\">\n<p class=\"has-x-large-font-size\"><i class=\"fas fa-lightbulb\"><\/i><\/p>\n\n\n\n<div class=\"wp-block-group is-vertical is-layout-flex wp-container-core-group-is-layout-fe9cc265 wp-block-group-is-layout-flex\">\n<p>Learn more about our visualizer<\/p>\n\n\n\n<p class=\"has-medium-font-size\">Each question shows its visualization when you click on the title.<br>To make better use of the data in the visualization <a href=\"https:\/\/juventudesasignaturapendiente.com\/en\/visualizador\/\" data-type=\"page\" data-id=\"526\">see our tutorial<\/a>.<\/p>\n<\/div>\n<\/div>\n<\/blockquote>\n\n\n\n<h2 class=\"wp-block-heading is-style-default\" style=\"margin-top:var(--wp--preset--spacing--40);margin-bottom:var(--wp--preset--spacing--40)\">1. <a href=\"https:\/\/juventudesasignaturapendiente.com\/en\/#1-satisfaccion\">Satisfaction and future prospects<\/a><\/h2>\n\n\n\n<div class=\"wp-block-group has-link-color wp-elements-5c1ba6862887828871e77e8affbcede3 is-layout-flow wp-block-group-is-layout-flow\" style=\"padding-right:0;padding-left:var(--wp--preset--spacing--20)\">\n<h3 class=\"wp-block-heading\" style=\"margin-right:0;margin-left:0;text-transform:none\">1.1 <a href=\"https:\/\/juventudesasignaturapendiente.com\/en\/#1-1\">How satisfied are you currently with your life in general?<\/a><\/h3>\n\n\n\n<h3 class=\"wp-block-heading\" style=\"margin-right:0;margin-left:0;text-transform:none\">1.2 <a href=\"https:\/\/juventudesasignaturapendiente.com\/en\/#1-2\">How satisfied are you currently with your financial situation?<\/a><\/h3>\n\n\n\n<h3 class=\"wp-block-heading\" style=\"margin-right:0;margin-left:0;text-transform:none\">1.3 <a href=\"https:\/\/juventudesasignaturapendiente.com\/en\/#1-3\">How satisfied are you currently with the situation in your country?<\/a><\/h3>\n\n\n\n<h3 class=\"wp-block-heading\" style=\"margin-right:0;margin-left:0;text-transform:none\">1.4 <a href=\"https:\/\/juventudesasignaturapendiente.com\/en\/#1-4\">What are the MAIN PROBLEMS affecting youth in your country?<\/a><\/h3>\n\n\n\n<h3 class=\"wp-block-heading\" style=\"margin-right:0;margin-left:0;text-transform:none\">1.5 <a href=\"https:\/\/juventudesasignaturapendiente.com\/en\/#1-5\">What are the MAIN ISSUES that should be addressed by public policies for youth in your country?<\/a><\/h3>\n\n\n\n<h3 class=\"wp-block-heading\" style=\"margin-right:0;margin-left:0;text-transform:none\">1.6 <a href=\"https:\/\/juventudesasignaturapendiente.com\/en\/#1-6\">Would you like to emigrate from your country?<\/a><\/h3>\n\n\n\n<h3 class=\"wp-block-heading\" style=\"margin-right:0;margin-left:0;text-transform:none\">1.7 <a href=\"https:\/\/juventudesasignaturapendiente.com\/en\/#1-7\">What would be the reason would make you migrate away from your country? Select all that apply.<\/a><\/h3>\n<\/div>\n\n\n\n<h2 class=\"wp-block-heading\" style=\"margin-top:var(--wp--preset--spacing--40);margin-bottom:var(--wp--preset--spacing--40);font-style:normal;font-weight:900\">2. <a href=\"https:\/\/juventudesasignaturapendiente.com\/en\/#2-valores\">Democratic values and interest in politics<\/a><\/h2>\n\n\n\n<div class=\"wp-block-group has-link-color wp-elements-495178922dc9e107519fe726570e0e84 is-layout-flow wp-block-group-is-layout-flow\" style=\"padding-right:0;padding-left:var(--wp--preset--spacing--20)\">\n<h3 class=\"wp-block-heading\" style=\"margin-right:0;margin-left:0;text-transform:none\">2.1 <a href=\"https:\/\/juventudesasignaturapendiente.com\/en\/#2-1\">Some people frequently follow political events, with or without elections. Others are not interested in politics. How interested are you in politics?<\/a><\/h3>\n\n\n\n<h3 class=\"wp-block-heading\" style=\"margin-right:0;margin-left:0;text-transform:none\">2.2 <a href=\"https:\/\/juventudesasignaturapendiente.com\/en\/#2-2\">What is your opinion regarding democracy? DEMOCRACY IS PREFERABLE TO ANY OTHER FORM OF GOVERNMENT.<\/a><\/h3>\n\n\n\n<h3 class=\"wp-block-heading\" style=\"margin-right:0;margin-left:0;text-transform:none\">2.3 <a href=\"https:\/\/juventudesasignaturapendiente.com\/en\/#2-3\">Do you believe that voting is useful to transform and solve the country's problems?<\/a><\/h3>\n\n\n\n<h3 class=\"wp-block-heading\" style=\"margin-right:0;margin-left:0;text-transform:none\">2.4 <a href=\"https:\/\/juventudesasignaturapendiente.com\/en\/#2-4\">How much do you agree with the following statement: DEMOCRACY CAN WORK WITHOUT POLITICAL PARTIES<\/a><\/h3>\n<\/div>\n\n\n\n<h2 class=\"wp-block-heading\" style=\"margin-top:var(--wp--preset--spacing--40);margin-bottom:var(--wp--preset--spacing--40);font-style:normal;font-weight:900\">3. <a href=\"https:\/\/juventudesasignaturapendiente.com\/en\/#3-opinion\">Opinion on political agendas<\/a><\/h2>\n\n\n\n<div class=\"wp-block-group has-link-color wp-elements-4a2893380723dd9e5d3824f83c8ca648 is-layout-flow wp-block-group-is-layout-flow\" style=\"padding-right:0;padding-left:var(--wp--preset--spacing--20)\">\n<h3 class=\"wp-block-heading\" style=\"margin-right:0;margin-left:0;text-transform:none\">3.1 <a href=\"https:\/\/juventudesasignaturapendiente.com\/en\/#3-1\">Are the problems of young people represented in your country's politics?<\/a><\/h3>\n\n\n\n<h3 class=\"wp-block-heading\" style=\"margin-right:0;margin-left:0;text-transform:none\">3.2 <a href=\"https:\/\/juventudesasignaturapendiente.com\/en\/#3-2\">How much do you agree or disagree with the following statement: THE STATE MUST GUARANTEE FREE ACCESS TO QUALITY EDUCATION AND HEALTH FOR EVERYONE.<\/a><\/h3>\n\n\n\n<h3 class=\"wp-block-heading\" style=\"margin-right:0;margin-left:0;text-transform:none\">3.3 <a href=\"https:\/\/juventudesasignaturapendiente.com\/en\/#3-3\">How much do you agree or disagree with the following statement: GENDER PARITY OR GENDER QUOTAS LAWS SHOULD EXIST TO ENSURE EQUAL REPRESENTATION OF MEN AND WOMEN IN PARLIAMENT \/ CONGRESS \/ ASSEMBLY \/ EXECUTIVE BOARD<\/a><\/h3>\n\n\n\n<h3 class=\"wp-block-heading\" style=\"margin-right:0;margin-left:0;text-transform:none\">3.4 <a href=\"https:\/\/juventudesasignaturapendiente.com\/en\/#3-4\">How much do you agree or disagree with the following statement: ENVIRONMENTAL CARE SHOULD BE A GOVERNMENT PRIORITY<\/a><br><\/h3>\n\n\n\n<h3 class=\"wp-block-heading\" style=\"margin-right:0;margin-left:0;text-transform:none\">3.5 <a href=\"https:\/\/juventudesasignaturapendiente.com\/en\/#3-5\">How much do you agree or disagree with the following statement: VOLUNTARY INTERRUPTION OF PREGNANCY SHOULD BE LEGAL FOR ANY REASON<\/a><br><\/h3>\n\n\n\n<h3 class=\"wp-block-heading\" style=\"margin-right:0;margin-left:0;text-transform:none\">3.6 <a href=\"https:\/\/juventudesasignaturapendiente.com\/en\/#3-6\">How much do you agree or disagree with the following statement: PEOPLE SHOULD HAVE COMPLETE FREEDOM TO DECIDE THEIR SEXUAL ORIENTATION AND GENDER IDENTITY.<\/a><br><\/h3>\n\n\n\n<h3 class=\"wp-block-heading\" style=\"margin-right:0;margin-left:0;text-transform:none\">3.7 <a href=\"https:\/\/juventudesasignaturapendiente.com\/en\/#3-7\">How much do you agree or disagree with the following statement: TRADE UNIONS ARE NECESSARY ORGANIZATIONS FOR THE DEFENSE OF WORKERS' RIGHTS.<\/a><\/h3>\n<\/div>\n\n\n\n<h2 class=\"wp-block-heading\" style=\"margin-top:var(--wp--preset--spacing--40);margin-bottom:var(--wp--preset--spacing--40);font-style:normal;font-weight:900\">4. <a href=\"https:\/\/juventudesasignaturapendiente.com\/en\/#4-participacion\">Political participation<\/a><\/h2>\n\n\n\n<div class=\"wp-block-group has-link-color wp-elements-c30b73b3a3b49cccb49529ecd9f6cc05 is-layout-flow wp-block-group-is-layout-flow\" style=\"padding-right:0;padding-left:var(--wp--preset--spacing--20)\">\n<h3 class=\"wp-block-heading\" style=\"margin-right:0;margin-left:0;text-transform:none\">4.1 <a href=\"https:\/\/juventudesasignaturapendiente.com\/en\/#4-1\">In the last 12 months, have you participated in any of the following organizations or organized groups?<\/a><\/h3>\n\n\n\n<h3 class=\"wp-block-heading\" style=\"margin-right:0;margin-left:0;text-transform:none\">4.2 <a href=\"https:\/\/juventudesasignaturapendiente.com\/en\/#4-2\">From the following options of organizations according to their causes, mark the one or ones in which you currently participate or are a member of<\/a><\/h3>\n\n\n\n<h3 class=\"wp-block-heading\" style=\"margin-right:0;margin-left:0;text-transform:none\">4.3 <a href=\"https:\/\/juventudesasignaturapendiente.com\/en\/#4-3\">In the last year, did you participate in any march, protest or social mobilization?<\/a><\/h3>\n\n\n\n<h3 class=\"wp-block-heading\" style=\"margin-right:0;margin-left:0;text-transform:none\">4.4 <a href=\"https:\/\/juventudesasignaturapendiente.com\/en\/#4-4\">Talking about labor and moving on to labor rights, which of the following sentences best represents your idea\/perception about labor unions and\/or workers' associations?<\/a><\/h3>\n\n\n\n<h3 class=\"wp-block-heading\" style=\"margin-right:0;margin-left:0;text-transform:none\">4.5 <a href=\"https:\/\/juventudesasignaturapendiente.com\/en\/#4-5\">There are several ways to participate and get involved in political parties. In the following list of actions check those you have done, would be interested in doing or would not do.<\/a><\/h3>\n<\/div>\n\n\n\n<h2 class=\"wp-block-heading\" style=\"margin-top:var(--wp--preset--spacing--40);margin-bottom:var(--wp--preset--spacing--40);font-style:normal;font-weight:900\">5. <a href=\"https:\/\/juventudesasignaturapendiente.com\/en\/#5-activismo\">Digital activism and use of networks<\/a><\/h2>\n\n\n\n<div class=\"wp-block-group has-link-color wp-elements-985edc50f939b16032dd7caf307e918d is-layout-flow wp-block-group-is-layout-flow\" style=\"padding-right:0;padding-left:var(--wp--preset--spacing--20)\">\n<h3 class=\"wp-block-heading\" style=\"margin-right:0;margin-left:0;text-transform:none\">5.1 <a href=\"https:\/\/juventudesasignaturapendiente.com\/en\/#5-1\">What media do you use to seek information on current issues and issues related to politics?<\/a><\/h3>\n\n\n\n<h3 class=\"wp-block-heading\" style=\"margin-right:0;margin-left:0;text-transform:none\">5.2 <a href=\"https:\/\/juventudesasignaturapendiente.com\/en\/#5-2\">How often do you follow the news, whether on television, radio, newspapers or the Internet?<\/a><\/h3>\n\n\n\n<h3 class=\"wp-block-heading\" style=\"margin-right:0;margin-left:0;text-transform:none\">5.3 <a href=\"https:\/\/juventudesasignaturapendiente.com\/en\/#5-3\">In the case of speaking out on social networks about any cause, for which of the following have you done so in the last 6 months?<\/a><\/h3>\n<\/div>\n\n\n\n<blockquote class=\"wp-block-quote is-style-default is-layout-flow wp-container-core-quote-is-layout-8a368f38 wp-block-quote-is-layout-flow\">\n<div class=\"wp-block-group is-nowrap is-layout-flex wp-container-core-group-is-layout-5b0f6098 wp-block-group-is-layout-flex\" style=\"margin-top:-20px;margin-bottom:-20px;padding-top:0;padding-right:0;padding-bottom:0;padding-left:0\">\n<p class=\"has-x-large-font-size\"><i class=\"fas fa-scale-balanced\"><\/i><\/p>\n\n\n\n<div class=\"wp-block-group is-vertical is-layout-flex wp-container-core-group-is-layout-fe9cc265 wp-block-group-is-layout-flex\">\n<p>On representativeness<\/p>\n\n\n\n<p class=\"has-medium-font-size\">The survey is nationally and not regionally representative. Therefore, we recommend that when reviewing the data viewers, do not make inferences for the entire region without first reviewing the national data.<\/p>\n<\/div>\n<\/div>\n<\/blockquote>\n\n\n\n<blockquote class=\"wp-block-quote is-style-default is-layout-flow wp-container-core-quote-is-layout-8a368f38 wp-block-quote-is-layout-flow\">\n<div class=\"wp-block-group is-nowrap is-layout-flex wp-container-core-group-is-layout-5b0f6098 wp-block-group-is-layout-flex\" style=\"margin-top:-20px;margin-bottom:-20px;padding-top:0;padding-right:0;padding-bottom:0;padding-left:0\">\n<p class=\"has-x-large-font-size\"><i class=\"fas fa-quote-right\"><\/i><\/p>\n\n\n\n<div class=\"wp-block-group is-vertical is-layout-flex wp-container-core-group-is-layout-fe9cc265 wp-block-group-is-layout-flex\">\n<p>How to cite survey data?<\/p>\n\n\n\n<p class=\"has-medium-font-size\">The data may be used as long as the source is cited and it is not used for commercial purposes. Suggested citation:<\/p>\n\n\n\n<p class=\"has-medium-font-size\"><em>Friedrich Ebert Stiftung (FES) (2024). Youth: Unfinished Business. Survey on political participation and attitudes of youth in Latin America and the Caribbean.&nbsp;<a href=\"http:\/\/www.juventudesfes.org\/\">www.juventudesFES.org<\/a>.<\/em><\/p>\n<\/div>\n<\/div>\n<\/blockquote>","protected":false},"excerpt":{"rendered":"<p>1. Satisfacci\u00f3n y perspectivas de futuro 1.1 \u00bfCu\u00e1n satisfecho\/a est\u00e1s actualmente con tu vida en general? 1.2 \u00bfCu\u00e1n satisfecho\/a est\u00e1s actualmente con tu situaci\u00f3n econ\u00f3mica? 1.3 \u00bfCu\u00e1n satisfecho\/a est\u00e1s actualmente con la situaci\u00f3n de tu pa\u00eds? 1.4 \u00bfCu\u00e1les son los PRINCIPALES PROBLEMAS que afectan a las juventudes en tu pa\u00eds? 1.5 \u00bfCu\u00e1les son los PRINCIPALES [&hellip;]<\/p>","protected":false},"author":1,"featured_media":0,"parent":0,"menu_order":0,"comment_status":"closed","ping_status":"closed","template":"","meta":{"footnotes":""},"class_list":["post-231","page","type-page","status-publish","hentry"],"yoast_head":"<!-- This site is optimized with the Yoast SEO plugin v26.5 - https:\/\/yoast.com\/wordpress\/plugins\/seo\/ -->\n<title>\u00cdndice de preguntas - Juventudes: Asignatura Pendiente<\/title>\n<meta name=\"robots\" content=\"index, follow, max-snippet:-1, max-image-preview:large, max-video-preview:-1\" \/>\n<link rel=\"canonical\" href=\"https:\/\/juventudesasignaturapendiente.com\/en\/indice-de-preguntas\/\" \/>\n<meta property=\"og:locale\" content=\"en_US\" \/>\n<meta property=\"og:type\" content=\"article\" \/>\n<meta property=\"og:title\" content=\"\u00cdndice de preguntas - Juventudes: Asignatura Pendiente\" \/>\n<meta property=\"og:description\" content=\"1. Satisfacci\u00f3n y perspectivas de futuro 1.1 \u00bfCu\u00e1n satisfecho\/a est\u00e1s actualmente con tu vida en general? 1.2 \u00bfCu\u00e1n satisfecho\/a est\u00e1s actualmente con tu situaci\u00f3n econ\u00f3mica? 1.3 \u00bfCu\u00e1n satisfecho\/a est\u00e1s actualmente con la situaci\u00f3n de tu pa\u00eds? 1.4 \u00bfCu\u00e1les son los PRINCIPALES PROBLEMAS que afectan a las juventudes en tu pa\u00eds? 1.5 \u00bfCu\u00e1les son los PRINCIPALES [&hellip;]\" \/>\n<meta property=\"og:url\" content=\"https:\/\/juventudesasignaturapendiente.com\/en\/indice-de-preguntas\/\" \/>\n<meta property=\"og:site_name\" content=\"Juventudes: Asignatura Pendiente\" \/>\n<meta property=\"article:publisher\" content=\"https:\/\/www.facebook.com\/fesarg\/\" \/>\n<meta property=\"article:modified_time\" content=\"2024-11-04T17:44:52+00:00\" \/>\n<meta name=\"twitter:card\" content=\"summary_large_image\" \/>\n<meta name=\"twitter:site\" content=\"@fes_argentina\" \/>\n<meta name=\"twitter:label1\" content=\"Est. reading time\" \/>\n\t<meta name=\"twitter:data1\" content=\"4 minutes\" \/>\n<script type=\"application\/ld+json\" class=\"yoast-schema-graph\">{\"@context\":\"https:\/\/schema.org\",\"@graph\":[{\"@type\":\"WebPage\",\"@id\":\"https:\/\/juventudesasignaturapendiente.com\/indice-de-preguntas\/\",\"url\":\"https:\/\/juventudesasignaturapendiente.com\/indice-de-preguntas\/\",\"name\":\"\u00cdndice de preguntas - Juventudes: Asignatura Pendiente\",\"isPartOf\":{\"@id\":\"https:\/\/juventudesasignaturapendiente.com\/#website\"},\"datePublished\":\"2024-08-23T13:11:01+00:00\",\"dateModified\":\"2024-11-04T17:44:52+00:00\",\"breadcrumb\":{\"@id\":\"https:\/\/juventudesasignaturapendiente.com\/indice-de-preguntas\/#breadcrumb\"},\"inLanguage\":\"en-US\",\"potentialAction\":[{\"@type\":\"ReadAction\",\"target\":[\"https:\/\/juventudesasignaturapendiente.com\/indice-de-preguntas\/\"]}]},{\"@type\":\"BreadcrumbList\",\"@id\":\"https:\/\/juventudesasignaturapendiente.com\/indice-de-preguntas\/#breadcrumb\",\"itemListElement\":[{\"@type\":\"ListItem\",\"position\":1,\"name\":\"Portada\",\"item\":\"https:\/\/juventudesasignaturapendiente.com\/\"},{\"@type\":\"ListItem\",\"position\":2,\"name\":\"\u00cdndice de preguntas\"}]},{\"@type\":\"WebSite\",\"@id\":\"https:\/\/juventudesasignaturapendiente.com\/#website\",\"url\":\"https:\/\/juventudesasignaturapendiente.com\/\",\"name\":\"Juventudes: Asignatura Pendiente\",\"description\":\"Friedrich Ebert Stiftung\",\"publisher\":{\"@id\":\"https:\/\/juventudesasignaturapendiente.com\/#organization\"},\"potentialAction\":[{\"@type\":\"SearchAction\",\"target\":{\"@type\":\"EntryPoint\",\"urlTemplate\":\"https:\/\/juventudesasignaturapendiente.com\/?s={search_term_string}\"},\"query-input\":{\"@type\":\"PropertyValueSpecification\",\"valueRequired\":true,\"valueName\":\"search_term_string\"}}],\"inLanguage\":\"en-US\"},{\"@type\":\"Organization\",\"@id\":\"https:\/\/juventudesasignaturapendiente.com\/#organization\",\"name\":\"Fundaci\u00f3n-Friedrich-Ebert\",\"url\":\"https:\/\/juventudesasignaturapendiente.com\/\",\"logo\":{\"@type\":\"ImageObject\",\"inLanguage\":\"en-US\",\"@id\":\"https:\/\/juventudesasignaturapendiente.com\/#\/schema\/logo\/image\/\",\"url\":\"https:\/\/juventudesasignaturapendiente.com\/wp-content\/uploads\/2024\/08\/FES-Juventudes-LogoNew-1.svg\",\"contentUrl\":\"https:\/\/juventudesasignaturapendiente.com\/wp-content\/uploads\/2024\/08\/FES-Juventudes-LogoNew-1.svg\",\"width\":1080,\"height\":1080,\"caption\":\"Fundaci\u00f3n-Friedrich-Ebert\"},\"image\":{\"@id\":\"https:\/\/juventudesasignaturapendiente.com\/#\/schema\/logo\/image\/\"},\"sameAs\":[\"https:\/\/www.facebook.com\/fesarg\/\",\"https:\/\/x.com\/fes_argentina\",\"https:\/\/www.instagram.com\/fes_argentina\/\",\"https:\/\/www.youtube.com\/channel\/UCKMHy99jHq3rWZoofnmwVYg\",\"https:\/\/www.facebook.com\/BoliviaFES\",\"https:\/\/twitter.com\/BoliviaFes\/\",\"https:\/\/www.threads.net\/@fes_brasil?xmt=AQGzkaXU3Xg0eKjcNgLxMYCU3LC-bOgq-p_iFIHTe-k4qNE\",\"https:\/\/www.youtube.com\/fesbrasil\",\"https:\/\/www.facebook.com\/brasil.FES\/\",\"https:\/\/twitter.com\/brasil_fes\",\"https:\/\/www.facebook.com\/feschile\",\"https:\/\/twitter.com\/FESChile\",\"https:\/\/www.youtube.com\/channel\/UCp9vxVYEjrlVyEeIq1BdeMg\/videos\",\"https:\/\/www.instagram.com\/feschile\",\"https:\/\/www.facebook.com\/fescol\/\",\"https:\/\/twitter.com\/fundacionFESCOL\",\"http:\/\/www.youtube.com\/user\/ContactoFESCOL\/videos\",\"https:\/\/www.instagram.com\/fes.col\",\"https:\/\/www.youtube.com\/channel\/UC2DGAJShtR8VRwG11Jz6Cfw\",\"https:\/\/www.facebook.com\/FriedrichEbertStiftungEcuador\/\",\"https:\/\/twitter.com\/EcuadorFes\",\"https:\/\/www.youtube.com\/channel\/UC2D0VC_NflMrJH4EiZysvsA\",\"https:\/\/www.instagram.com\/fes_ecuador\/\",\"https:\/\/www.facebook.com\/FESAmericaCentral\/\",\"https:\/\/twitter.com\/FES_Caribe\",\"https:\/\/www.youtube.com\/channel\/UC0oF-rrtiCITUR_7LEk0JDw\",\"https:\/\/www.instagram.com\/fescaribe\",\"http:\/\/www.facebook.com\/FESMEX\/\",\"http:\/\/twitter.com\/fesmex\",\"https:\/\/www.instagram.com\/fesmex\",\"https:\/\/twitter.com\/FesPeru\",\"https:\/\/www.facebook.com\/PeruFES\",\"https:\/\/www.facebook.com\/fesurfesur\",\"https:\/\/twitter.com\/FESUruguay\",\"https:\/\/www.youtube.com\/user\/FESURTV\",\"https:\/\/www.instagram.com\/fes_uruguay\",\"https:\/\/www.facebook.com\/IldisFesVe\",\"https:\/\/www.youtube.com\/channel\/UC487K4T8R8Pb6yvfX_AUFfQ\",\"https:\/\/www.instagram.com\/ildisfesve\"]}]}<\/script>\n<!-- \/ Yoast SEO plugin. -->","yoast_head_json":{"title":"Index of Questions - Youth: Unfinished Business","robots":{"index":"index","follow":"follow","max-snippet":"max-snippet:-1","max-image-preview":"max-image-preview:large","max-video-preview":"max-video-preview:-1"},"canonical":"https:\/\/juventudesasignaturapendiente.com\/en\/indice-de-preguntas\/","og_locale":"en_US","og_type":"article","og_title":"\u00cdndice de preguntas - Juventudes: Asignatura Pendiente","og_description":"1. Satisfacci\u00f3n y perspectivas de futuro 1.1 \u00bfCu\u00e1n satisfecho\/a est\u00e1s actualmente con tu vida en general? 1.2 \u00bfCu\u00e1n satisfecho\/a est\u00e1s actualmente con tu situaci\u00f3n econ\u00f3mica? 1.3 \u00bfCu\u00e1n satisfecho\/a est\u00e1s actualmente con la situaci\u00f3n de tu pa\u00eds? 1.4 \u00bfCu\u00e1les son los PRINCIPALES PROBLEMAS que afectan a las juventudes en tu pa\u00eds? 1.5 \u00bfCu\u00e1les son los PRINCIPALES [&hellip;]","og_url":"https:\/\/juventudesasignaturapendiente.com\/en\/indice-de-preguntas\/","og_site_name":"Juventudes: Asignatura Pendiente","article_publisher":"https:\/\/www.facebook.com\/fesarg\/","article_modified_time":"2024-11-04T17:44:52+00:00","twitter_card":"summary_large_image","twitter_site":"@fes_argentina","twitter_misc":{"Est. reading time":"4 minutes"},"schema":{"@context":"https:\/\/schema.org","@graph":[{"@type":"WebPage","@id":"https:\/\/juventudesasignaturapendiente.com\/indice-de-preguntas\/","url":"https:\/\/juventudesasignaturapendiente.com\/indice-de-preguntas\/","name":"Index of Questions - Youth: Unfinished Business","isPartOf":{"@id":"https:\/\/juventudesasignaturapendiente.com\/#website"},"datePublished":"2024-08-23T13:11:01+00:00","dateModified":"2024-11-04T17:44:52+00:00","breadcrumb":{"@id":"https:\/\/juventudesasignaturapendiente.com\/indice-de-preguntas\/#breadcrumb"},"inLanguage":"en-US","potentialAction":[{"@type":"ReadAction","target":["https:\/\/juventudesasignaturapendiente.com\/indice-de-preguntas\/"]}]},{"@type":"BreadcrumbList","@id":"https:\/\/juventudesasignaturapendiente.com\/indice-de-preguntas\/#breadcrumb","itemListElement":[{"@type":"ListItem","position":1,"name":"Portada","item":"https:\/\/juventudesasignaturapendiente.com\/"},{"@type":"ListItem","position":2,"name":"\u00cdndice de preguntas"}]},{"@type":"WebSite","@id":"https:\/\/juventudesasignaturapendiente.com\/#website","url":"https:\/\/juventudesasignaturapendiente.com\/","name":"Youth: A Pending Subject","description":"Friedrich Ebert Stiftung","publisher":{"@id":"https:\/\/juventudesasignaturapendiente.com\/#organization"},"potentialAction":[{"@type":"SearchAction","target":{"@type":"EntryPoint","urlTemplate":"https:\/\/juventudesasignaturapendiente.com\/?s={search_term_string}"},"query-input":{"@type":"PropertyValueSpecification","valueRequired":true,"valueName":"search_term_string"}}],"inLanguage":"en-US"},{"@type":"Organization","@id":"https:\/\/juventudesasignaturapendiente.com\/#organization","name":"Friedrich-Ebert-Stiftung","url":"https:\/\/juventudesasignaturapendiente.com\/","logo":{"@type":"ImageObject","inLanguage":"en-US","@id":"https:\/\/juventudesasignaturapendiente.com\/#\/schema\/logo\/image\/","url":"https:\/\/juventudesasignaturapendiente.com\/wp-content\/uploads\/2024\/08\/FES-Juventudes-LogoNew-1.svg","contentUrl":"https:\/\/juventudesasignaturapendiente.com\/wp-content\/uploads\/2024\/08\/FES-Juventudes-LogoNew-1.svg","width":1080,"height":1080,"caption":"Fundaci\u00f3n-Friedrich-Ebert"},"image":{"@id":"https:\/\/juventudesasignaturapendiente.com\/#\/schema\/logo\/image\/"},"sameAs":["https:\/\/www.facebook.com\/fesarg\/","https:\/\/x.com\/fes_argentina","https:\/\/www.instagram.com\/fes_argentina\/","https:\/\/www.youtube.com\/channel\/UCKMHy99jHq3rWZoofnmwVYg","https:\/\/www.facebook.com\/BoliviaFES","https:\/\/twitter.com\/BoliviaFes\/","https:\/\/www.threads.net\/@fes_brasil?xmt=AQGzkaXU3Xg0eKjcNgLxMYCU3LC-bOgq-p_iFIHTe-k4qNE","https:\/\/www.youtube.com\/fesbrasil","https:\/\/www.facebook.com\/brasil.FES\/","https:\/\/twitter.com\/brasil_fes","https:\/\/www.facebook.com\/feschile","https:\/\/twitter.com\/FESChile","https:\/\/www.youtube.com\/channel\/UCp9vxVYEjrlVyEeIq1BdeMg\/videos","https:\/\/www.instagram.com\/feschile","https:\/\/www.facebook.com\/fescol\/","https:\/\/twitter.com\/fundacionFESCOL","http:\/\/www.youtube.com\/user\/ContactoFESCOL\/videos","https:\/\/www.instagram.com\/fes.col","https:\/\/www.youtube.com\/channel\/UC2DGAJShtR8VRwG11Jz6Cfw","https:\/\/www.facebook.com\/FriedrichEbertStiftungEcuador\/","https:\/\/twitter.com\/EcuadorFes","https:\/\/www.youtube.com\/channel\/UC2D0VC_NflMrJH4EiZysvsA","https:\/\/www.instagram.com\/fes_ecuador\/","https:\/\/www.facebook.com\/FESAmericaCentral\/","https:\/\/twitter.com\/FES_Caribe","https:\/\/www.youtube.com\/channel\/UC0oF-rrtiCITUR_7LEk0JDw","https:\/\/www.instagram.com\/fescaribe","http:\/\/www.facebook.com\/FESMEX\/","http:\/\/twitter.com\/fesmex","https:\/\/www.instagram.com\/fesmex","https:\/\/twitter.com\/FesPeru","https:\/\/www.facebook.com\/PeruFES","https:\/\/www.facebook.com\/fesurfesur","https:\/\/twitter.com\/FESUruguay","https:\/\/www.youtube.com\/user\/FESURTV","https:\/\/www.instagram.com\/fes_uruguay","https:\/\/www.facebook.com\/IldisFesVe","https:\/\/www.youtube.com\/channel\/UC487K4T8R8Pb6yvfX_AUFfQ","https:\/\/www.instagram.com\/ildisfesve"]}]}},"_links":{"self":[{"href":"https:\/\/juventudesasignaturapendiente.com\/en\/wp-json\/wp\/v2\/pages\/231","targetHints":{"allow":["GET"]}}],"collection":[{"href":"https:\/\/juventudesasignaturapendiente.com\/en\/wp-json\/wp\/v2\/pages"}],"about":[{"href":"https:\/\/juventudesasignaturapendiente.com\/en\/wp-json\/wp\/v2\/types\/page"}],"author":[{"embeddable":true,"href":"https:\/\/juventudesasignaturapendiente.com\/en\/wp-json\/wp\/v2\/users\/1"}],"replies":[{"embeddable":true,"href":"https:\/\/juventudesasignaturapendiente.com\/en\/wp-json\/wp\/v2\/comments?post=231"}],"version-history":[{"count":14,"href":"https:\/\/juventudesasignaturapendiente.com\/en\/wp-json\/wp\/v2\/pages\/231\/revisions"}],"predecessor-version":[{"id":568,"href":"https:\/\/juventudesasignaturapendiente.com\/en\/wp-json\/wp\/v2\/pages\/231\/revisions\/568"}],"wp:attachment":[{"href":"https:\/\/juventudesasignaturapendiente.com\/en\/wp-json\/wp\/v2\/media?parent=231"}],"curies":[{"name":"wp","href":"https:\/\/api.w.org\/{rel}","templated":true}]}}