{"id":2,"date":"2024-07-18T15:09:37","date_gmt":"2024-07-18T15:09:37","guid":{"rendered":"https:\/\/juventudesasignaturapendiente.com\/?page_id=2"},"modified":"2024-11-04T12:48:47","modified_gmt":"2024-11-04T17:48:47","slug":"estudio","status":"publish","type":"page","link":"https:\/\/juventudesasignaturapendiente.com\/en\/estudio\/","title":{"rendered":"The research"},"content":{"rendered":"<h2 class=\"wp-block-heading has-custom-azul-color has-text-color has-link-color wp-elements-96b4932f242ab911e29f57d4030de365\">Methodological note<\/h2>\n\n\n\n<p>The questionnaire was designed in collaboration with the FES offices in Latin America and the Caribbean, a group of experts from various countries in the region and validated with the young participants of the ManiFEState Network.&nbsp;<\/p>\n\n\n\n<p><strong>The survey was conducted among people between 15 and 35 years of age in 14 countries in the region.<\/strong>The questionnaire was completed by means of a virtual form, which was answered between January and February 2024. The questionnaire was administered in Spanish in all countries except Brazil, where it was administered in Portuguese.&nbsp;<\/p>\n\n\n\n<p>The survey was conducted through YouGov, an international online technology company that focuses on research and analysis of public opinion data.<strong> The methodology used was online sampling through web panels<\/strong>. All respondents gave informed consent. Minors had parental consent before starting the survey.<\/p>\n\n\n\n<p><strong>The sampling quotas of this survey comprise gender and age groups, region of the country where they reside, type of area where they live, and the type of area where they live. <\/strong>(urban, suburban, or rural)<strong>The following variables are also included: education, education, employment status, and a news attention variable.<\/strong>  In addition, the social class analysis was constructed from the ESOMAR socioeconomic classification model, based on socioeconomic variables of the heads of household (education, occupation) and purely economic variables (income, asset ownership).<\/p>\n\n\n\n<div class=\"wp-block-group has-base-2-background-color has-background is-layout-flow wp-block-group-is-layout-flow\" style=\"margin-top:var(--wp--preset--spacing--30);margin-bottom:var(--wp--preset--spacing--30);padding-top:var(--wp--preset--spacing--20);padding-right:var(--wp--preset--spacing--40);padding-bottom:var(--wp--preset--spacing--30);padding-left:var(--wp--preset--spacing--40)\">\n<h4 class=\"wp-block-heading has-custom-naranja-color has-text-color has-link-color wp-elements-a7eac08328fc8452d77ad742bf4a1627\" style=\"margin-top:var(--wp--preset--spacing--20);margin-bottom:var(--wp--preset--spacing--20)\"><strong>List of countries and sample sizes<\/strong><\/h4>\n\n\n\n<figure style=\"margin-right:0;margin-left:0\" class=\"wp-block-table\"><table class=\"has-fixed-layout\"><tbody><tr><td>Argentina (n = 2007, moe: \u00b1 2.5)<\/td><td>Costa Rica (n = 1149 , moe: \u00b1 4.4)<\/td><td>Peru (n = 2001 , moe: \u00b1 3.2)<\/td><\/tr><tr><td>Bolivia (n = 1103 , moe: \u00b1 4.4)<\/td><td>Ecuador (n = 2004 , moe: \u00b1 3.3)<\/td><td>Dominican Republic (n = 1132 , moe: \u00b1 4.7)<\/td><\/tr><tr><td>Brazil (n = 2024 , moe: \u00b1 2.5)<\/td><td>Honduras (n = 1100 , moe: \u00b1 4.7)<\/td><td>Uruguay (n = 1108 , moe: \u00b1 3.8)<\/td><\/tr><tr><td>Chile (n = 2002 , moe: \u00b1 7)<\/td><td>Mexico (n = 2001 , moe: \u00b1 3.0)<\/td><td>Venezuela (n = 1103, moe: \u00b1 3.8)<\/td><\/tr><tr><td>Colombia (n = 2004, moe: \u00b1 2.8)<\/td><td>Panama (n = 1109, moe: \u00b1 3.9)<\/td><td><\/td><\/tr><\/tbody><\/table><\/figure>\n<\/div>\n\n\n\n<p><strong>The sampling frame<\/strong> was constructed using stratified sampling of each country, created based on the 2021 LAPOP Americas Barometer, with selection within strata by weighted sampling with replacements. The weights range from 0.04 to 6.16 with an average of 1 and a standard deviation of 1.09. The margin of error (a 95% confidence interval) for a percentage sample p based on the subset sample is approximately 4.4%.<\/p>\n\n\n\n<p><strong>The survey is nationally and not regionally representative.<\/strong> <strong>Therefore, we recommend that when reviewing the data viewers, do not make inferences for the entire region without first reviewing the national data.<\/strong><\/p>\n\n\n\n<blockquote class=\"wp-block-quote is-style-default is-layout-flow wp-container-core-quote-is-layout-8a368f38 wp-block-quote-is-layout-flow\">\n<div class=\"wp-block-group is-nowrap is-layout-flex wp-container-core-group-is-layout-5b0f6098 wp-block-group-is-layout-flex\" style=\"margin-top:-20px;margin-bottom:-20px;padding-top:0;padding-right:0;padding-bottom:0;padding-left:0\">\n<p class=\"has-x-large-font-size\"><i class=\"fas fa-lightbulb\"><\/i><\/p>\n\n\n\n<div class=\"wp-block-group is-vertical is-layout-flex wp-container-core-group-is-layout-fe9cc265 wp-block-group-is-layout-flex\">\n<p>Learn more about our visualizer<\/p>\n\n\n\n<p class=\"has-medium-font-size\">Each question shows its visualization when you click on the title.<br>To make better use of the data in the visualization <a href=\"https:\/\/juventudesasignaturapendiente.com\/en\/visualizador\/\" data-type=\"page\" data-id=\"526\">see our tutorial<\/a>.<\/p>\n<\/div>\n<\/div>\n<\/blockquote>\n\n\n\n<blockquote class=\"wp-block-quote is-style-default is-layout-flow wp-container-core-quote-is-layout-8a368f38 wp-block-quote-is-layout-flow\">\n<div class=\"wp-block-group is-nowrap is-layout-flex wp-container-core-group-is-layout-5b0f6098 wp-block-group-is-layout-flex\" style=\"margin-top:-20px;margin-bottom:-20px;padding-top:0;padding-right:0;padding-bottom:0;padding-left:0\">\n<p class=\"has-x-large-font-size\"><i class=\"fas fa-quote-right\"><\/i><\/p>\n\n\n\n<div class=\"wp-block-group is-vertical is-layout-flex wp-container-core-group-is-layout-fe9cc265 wp-block-group-is-layout-flex\">\n<p>How to cite survey data?<\/p>\n\n\n\n<p class=\"has-medium-font-size\">The data may be used as long as the source is cited and it is not used for commercial purposes. Suggested citation:<\/p>\n\n\n\n<p class=\"has-medium-font-size\"><em>Friedrich Ebert Stiftung (FES) (2024). Youth: Unfinished Business. Survey on political participation and attitudes of youth in Latin America and the Caribbean.&nbsp;<a href=\"http:\/\/www.juventudesfes.org\/\">www.juventudesFES.org<\/a>.<\/em><\/p>\n<\/div>\n<\/div>\n<\/blockquote>\n\n\n\n<h3 class=\"wp-block-heading has-custom-azul-color has-text-color has-link-color wp-elements-1beb9c9f54e682a6a13c9ccf1f91c000\" style=\"margin-top:var(--wp--preset--spacing--40);margin-bottom:var(--wp--preset--spacing--40)\"><strong>Team:<\/strong><\/h3>\n\n\n\n<div class=\"wp-block-columns is-layout-flex wp-container-core-columns-is-layout-33233fb6 wp-block-columns-is-layout-flex\" style=\"margin-top:var(--wp--preset--spacing--20);margin-bottom:var(--wp--preset--spacing--20)\">\n<div class=\"wp-block-column is-layout-flow wp-block-column-is-layout-flow\">\n<h4 class=\"wp-block-heading has-contrast-3-color has-text-color has-link-color wp-elements-cce02105ed98712feb48d0f6cc9fccb9\"><strong>Project development and coordination<\/strong><\/h4>\n\n\n\n<ul class=\"wp-block-list\">\n<li>Constantin Groll - FES Ecuador Representative<\/li>\n\n\n\n<li>Anabel Bilbao G - Regional Project Coordinator<\/li>\n\n\n\n<li>Camila Rodriguez - Project Technician and Data Analyst<\/li>\n<\/ul>\n\n\n\n<h4 class=\"wp-block-heading has-contrast-3-color has-text-color has-link-color wp-elements-4b7f589a7d9c59d80cc18880c179a2ea\" style=\"margin-top:var(--wp--preset--spacing--40)\"><strong>Team of national experts<\/strong><\/h4>\n\n\n\n<ul class=\"wp-block-list\">\n<li>Melina V\u00e1zquez - Argentina<\/li>\n\n\n\n<li>Josu\u00e9 Cortez - Bolivia<\/li>\n\n\n\n<li>Elisa Guaran\u00e1 - Brazil<\/li>\n\n\n\n<li>Severine Macedo - Brazil<\/li>\n\n\n\n<li>Olivia Perez - Brazil<\/li>\n\n\n\n<li>Oscar Aguilera - Chile&nbsp;<\/li>\n\n\n\n<li>Juliana Hern\u00e1ndez - Colombia<\/li>\n\n\n\n<li>Miyerlandy Cabanzo - Colombia&nbsp; &nbsp;<\/li>\n\n\n\n<li>Cathalina Garc\u00eda Santamar\u00eda - Costa Rica<\/li>\n\n\n\n<li>Ilka Treminio S\u00e1nchez - Costa Rica<\/li>\n\n\n\n<li>Franklin Ramirez - Ecuador<\/li>\n\n\n\n<li>El\u00edas Villalta - Honduras<\/li>\n\n\n\n<li>Luis Sosa - Mexico<\/li>\n\n\n\n<li>Mariana Licea - Mexico<\/li>\n\n\n\n<li>M\u00f3nica Patricia Romero Zapata - Panama&nbsp; &nbsp;<\/li>\n\n\n\n<li>Alejandra Sabina Yolanda Dinegro Mart\u00ednez - Peru<\/li>\n\n\n\n<li>Juan Miguel P\u00e9rez Vargas - Dominican Republic<\/li>\n\n\n\n<li>Ana Paula Garc\u00eda Erramuspe - Uruguay<\/li>\n\n\n\n<li>Lissette Gonzalez - Venezuela<\/li>\n<\/ul>\n<\/div>\n\n\n\n<div class=\"wp-block-column is-layout-flow wp-block-column-is-layout-flow\">\n<h4 class=\"wp-block-heading has-contrast-3-color has-text-color has-link-color wp-elements-73694ea7a162343d7d963effecd2d534\"><strong>Pollster - YouGov<\/strong><\/h4>\n\n\n\n<ul class=\"wp-block-list\">\n<li>Em Bello-Pardo, Ph.D. Senior Research and Data Science Director<\/li>\n\n\n\n<li>Gaby Ferreyra - Policy Analyst II<\/li>\n\n\n\n<li>Alissa Stollwerk, Ph.D. - Vice-President<\/li>\n<\/ul>\n\n\n\n<h4 class=\"wp-block-heading has-contrast-3-color has-text-color has-link-color wp-elements-8ffbd30eaa475d517fd43018a4ec5def\" style=\"margin-top:var(--wp--preset--spacing--40)\"><strong>Communication<\/strong><\/h4>\n\n\n\n<ul class=\"wp-block-list\">\n<li>Estefan\u00eda Avella - FES Comunicaci\u00f3n<\/li>\n\n\n\n<li>\u00c9rika D\u00e1vila - FES Ecuador<\/li>\n<\/ul>\n\n\n\n<h4 class=\"wp-block-heading\" style=\"margin-top:var(--wp--preset--spacing--40)\"><strong>Panel of regional experts<\/strong><\/h4>\n\n\n\n<ul class=\"wp-block-list\">\n<li>Mariana Licea (Mexico) - Graduate from CIDE, specialist in Political Science and International Relations.<\/li>\n\n\n\n<li>Elisa Guaran\u00e1 (Brazil) - PhD in Social Anthropology from UFRJ, specialist in Youth and Political Participation.<\/li>\n\n\n\n<li>\u00d3scar Aguilera (Chile) - PhD in Social and Cultural Anthropology from the Autonomous University of Barcelona.<\/li>\n\n\n\n<li>Melina V\u00e1zquez (Argentina) - PhD in Social Sciences from UBA, specialist in Youth and Childhood Policies.<\/li>\n\n\n\n<li>Franklin Ram\u00edrez (Ecuador) - Sociologist and Researcher at FLACSO-Ecuador<\/li>\n<\/ul>\n<\/div>\n<\/div>\n\n\n\n<h4 class=\"wp-block-heading has-contrast-3-color has-text-color has-link-color wp-elements-c198c577d74c5e6263bbce460efb92de\" style=\"margin-top:var(--wp--preset--spacing--40)\"><strong>National articulation of the project with FES offices:<\/strong><\/h4>\n\n\n\n<ul class=\"wp-block-list\">\n<li>Sergio Balardini - Argentina<\/li>\n\n\n\n<li>Jos\u00e9 Luis Exeni - Bolivia<\/li>\n\n\n\n<li>Willian Habermann - Brazil<\/li>\n\n\n\n<li>Christian S\u00e1nchez - Chile<\/li>\n\n\n\n<li>Saruy Tolosa - Colombia<\/li>\n\n\n\n<li>Argerie S\u00e1nchez - Costa Rica<\/li>\n\n\n\n<li>Anabel Bilbao - Ecuador<\/li>\n\n\n\n<li>M\u00f3nica Torres - Honduras<\/li>\n\n\n\n<li>Elisa G\u00f3mez - Mexico<\/li>\n\n\n\n<li>Anastacio Rodr\u00edguez - Panama<\/li>\n\n\n\n<li>Ra\u00fal Tecco - Peru<\/li>\n\n\n\n<li>Mar\u00eda Fernanda L\u00f3pez - Dominican Republic<\/li>\n\n\n\n<li>An\u00edbal Peluffo - Uruguay<\/li>\n\n\n\n<li>Ana\u00eds L\u00f3p\u00e9z - Venezuela<\/li>\n<\/ul>","protected":false},"excerpt":{"rendered":"<p>Methodological note The questionnaire was designed in collaboration with the FES offices in Latin America and the Caribbean, a group of experts from various countries in the region and validated with the young participants of the ManiFEState Network.  The survey was carried out with people from 14 countries in the [...]<\/p>","protected":false},"author":1,"featured_media":0,"parent":0,"menu_order":1,"comment_status":"closed","ping_status":"closed","template":"","meta":{"footnotes":""},"class_list":["post-2","page","type-page","status-publish","hentry"],"yoast_head":"<!-- This site is optimized with the Yoast SEO plugin v26.5 - https:\/\/yoast.com\/wordpress\/plugins\/seo\/ -->\n<title>El estudio - Juventudes: Asignatura Pendiente<\/title>\n<meta name=\"robots\" content=\"index, follow, max-snippet:-1, max-image-preview:large, max-video-preview:-1\" \/>\n<link rel=\"canonical\" href=\"https:\/\/juventudesasignaturapendiente.com\/en\/estudio\/\" \/>\n<meta property=\"og:locale\" content=\"en_US\" \/>\n<meta property=\"og:type\" content=\"article\" \/>\n<meta property=\"og:title\" content=\"El estudio - Juventudes: Asignatura Pendiente\" \/>\n<meta property=\"og:description\" content=\"Nota metodol\u00f3gica El dise\u00f1o del cuestionario fue realizado en colaboraci\u00f3n con las oficinas de la FES en Am\u00e9rica Latina y el Caribe, un grupo de expertos y expertas de varios pa\u00edses de la regi\u00f3n y validado con los(as) j\u00f3venes participantes de la Red ManiFEState.&nbsp; La encuesta se realiz\u00f3 a personas de 14 pa\u00edses de la [&hellip;]\" \/>\n<meta property=\"og:url\" content=\"https:\/\/juventudesasignaturapendiente.com\/en\/estudio\/\" \/>\n<meta property=\"og:site_name\" content=\"Juventudes: Asignatura Pendiente\" \/>\n<meta property=\"article:publisher\" content=\"https:\/\/www.facebook.com\/fesarg\/\" \/>\n<meta property=\"article:modified_time\" content=\"2024-11-04T17:48:47+00:00\" \/>\n<meta name=\"twitter:card\" content=\"summary_large_image\" \/>\n<meta name=\"twitter:site\" content=\"@fes_argentina\" \/>\n<meta name=\"twitter:label1\" content=\"Est. reading time\" \/>\n\t<meta name=\"twitter:data1\" content=\"5 minutes\" \/>\n<script type=\"application\/ld+json\" class=\"yoast-schema-graph\">{\"@context\":\"https:\/\/schema.org\",\"@graph\":[{\"@type\":\"WebPage\",\"@id\":\"https:\/\/juventudesasignaturapendiente.com\/estudio\/\",\"url\":\"https:\/\/juventudesasignaturapendiente.com\/estudio\/\",\"name\":\"El estudio - Juventudes: Asignatura Pendiente\",\"isPartOf\":{\"@id\":\"https:\/\/juventudesasignaturapendiente.com\/#website\"},\"datePublished\":\"2024-07-18T15:09:37+00:00\",\"dateModified\":\"2024-11-04T17:48:47+00:00\",\"breadcrumb\":{\"@id\":\"https:\/\/juventudesasignaturapendiente.com\/estudio\/#breadcrumb\"},\"inLanguage\":\"en-US\",\"potentialAction\":[{\"@type\":\"ReadAction\",\"target\":[\"https:\/\/juventudesasignaturapendiente.com\/estudio\/\"]}]},{\"@type\":\"BreadcrumbList\",\"@id\":\"https:\/\/juventudesasignaturapendiente.com\/estudio\/#breadcrumb\",\"itemListElement\":[{\"@type\":\"ListItem\",\"position\":1,\"name\":\"Portada\",\"item\":\"https:\/\/juventudesasignaturapendiente.com\/\"},{\"@type\":\"ListItem\",\"position\":2,\"name\":\"El estudio\"}]},{\"@type\":\"WebSite\",\"@id\":\"https:\/\/juventudesasignaturapendiente.com\/#website\",\"url\":\"https:\/\/juventudesasignaturapendiente.com\/\",\"name\":\"Juventudes: Asignatura Pendiente\",\"description\":\"Friedrich Ebert Stiftung\",\"publisher\":{\"@id\":\"https:\/\/juventudesasignaturapendiente.com\/#organization\"},\"potentialAction\":[{\"@type\":\"SearchAction\",\"target\":{\"@type\":\"EntryPoint\",\"urlTemplate\":\"https:\/\/juventudesasignaturapendiente.com\/?s={search_term_string}\"},\"query-input\":{\"@type\":\"PropertyValueSpecification\",\"valueRequired\":true,\"valueName\":\"search_term_string\"}}],\"inLanguage\":\"en-US\"},{\"@type\":\"Organization\",\"@id\":\"https:\/\/juventudesasignaturapendiente.com\/#organization\",\"name\":\"Fundaci\u00f3n-Friedrich-Ebert\",\"url\":\"https:\/\/juventudesasignaturapendiente.com\/\",\"logo\":{\"@type\":\"ImageObject\",\"inLanguage\":\"en-US\",\"@id\":\"https:\/\/juventudesasignaturapendiente.com\/#\/schema\/logo\/image\/\",\"url\":\"https:\/\/juventudesasignaturapendiente.com\/wp-content\/uploads\/2024\/08\/FES-Juventudes-LogoNew-1.svg\",\"contentUrl\":\"https:\/\/juventudesasignaturapendiente.com\/wp-content\/uploads\/2024\/08\/FES-Juventudes-LogoNew-1.svg\",\"width\":1080,\"height\":1080,\"caption\":\"Fundaci\u00f3n-Friedrich-Ebert\"},\"image\":{\"@id\":\"https:\/\/juventudesasignaturapendiente.com\/#\/schema\/logo\/image\/\"},\"sameAs\":[\"https:\/\/www.facebook.com\/fesarg\/\",\"https:\/\/x.com\/fes_argentina\",\"https:\/\/www.instagram.com\/fes_argentina\/\",\"https:\/\/www.youtube.com\/channel\/UCKMHy99jHq3rWZoofnmwVYg\",\"https:\/\/www.facebook.com\/BoliviaFES\",\"https:\/\/twitter.com\/BoliviaFes\/\",\"https:\/\/www.threads.net\/@fes_brasil?xmt=AQGzkaXU3Xg0eKjcNgLxMYCU3LC-bOgq-p_iFIHTe-k4qNE\",\"https:\/\/www.youtube.com\/fesbrasil\",\"https:\/\/www.facebook.com\/brasil.FES\/\",\"https:\/\/twitter.com\/brasil_fes\",\"https:\/\/www.facebook.com\/feschile\",\"https:\/\/twitter.com\/FESChile\",\"https:\/\/www.youtube.com\/channel\/UCp9vxVYEjrlVyEeIq1BdeMg\/videos\",\"https:\/\/www.instagram.com\/feschile\",\"https:\/\/www.facebook.com\/fescol\/\",\"https:\/\/twitter.com\/fundacionFESCOL\",\"http:\/\/www.youtube.com\/user\/ContactoFESCOL\/videos\",\"https:\/\/www.instagram.com\/fes.col\",\"https:\/\/www.youtube.com\/channel\/UC2DGAJShtR8VRwG11Jz6Cfw\",\"https:\/\/www.facebook.com\/FriedrichEbertStiftungEcuador\/\",\"https:\/\/twitter.com\/EcuadorFes\",\"https:\/\/www.youtube.com\/channel\/UC2D0VC_NflMrJH4EiZysvsA\",\"https:\/\/www.instagram.com\/fes_ecuador\/\",\"https:\/\/www.facebook.com\/FESAmericaCentral\/\",\"https:\/\/twitter.com\/FES_Caribe\",\"https:\/\/www.youtube.com\/channel\/UC0oF-rrtiCITUR_7LEk0JDw\",\"https:\/\/www.instagram.com\/fescaribe\",\"http:\/\/www.facebook.com\/FESMEX\/\",\"http:\/\/twitter.com\/fesmex\",\"https:\/\/www.instagram.com\/fesmex\",\"https:\/\/twitter.com\/FesPeru\",\"https:\/\/www.facebook.com\/PeruFES\",\"https:\/\/www.facebook.com\/fesurfesur\",\"https:\/\/twitter.com\/FESUruguay\",\"https:\/\/www.youtube.com\/user\/FESURTV\",\"https:\/\/www.instagram.com\/fes_uruguay\",\"https:\/\/www.facebook.com\/IldisFesVe\",\"https:\/\/www.youtube.com\/channel\/UC487K4T8R8Pb6yvfX_AUFfQ\",\"https:\/\/www.instagram.com\/ildisfesve\"]}]}<\/script>\n<!-- \/ Yoast SEO plugin. -->","yoast_head_json":{"title":"Study - Youth: Unfinished Business","robots":{"index":"index","follow":"follow","max-snippet":"max-snippet:-1","max-image-preview":"max-image-preview:large","max-video-preview":"max-video-preview:-1"},"canonical":"https:\/\/juventudesasignaturapendiente.com\/en\/estudio\/","og_locale":"en_US","og_type":"article","og_title":"El estudio - Juventudes: Asignatura Pendiente","og_description":"Nota metodol\u00f3gica El dise\u00f1o del cuestionario fue realizado en colaboraci\u00f3n con las oficinas de la FES en Am\u00e9rica Latina y el Caribe, un grupo de expertos y expertas de varios pa\u00edses de la regi\u00f3n y validado con los(as) j\u00f3venes participantes de la Red ManiFEState.&nbsp; La encuesta se realiz\u00f3 a personas de 14 pa\u00edses de la [&hellip;]","og_url":"https:\/\/juventudesasignaturapendiente.com\/en\/estudio\/","og_site_name":"Juventudes: Asignatura Pendiente","article_publisher":"https:\/\/www.facebook.com\/fesarg\/","article_modified_time":"2024-11-04T17:48:47+00:00","twitter_card":"summary_large_image","twitter_site":"@fes_argentina","twitter_misc":{"Est. reading time":"5 minutes"},"schema":{"@context":"https:\/\/schema.org","@graph":[{"@type":"WebPage","@id":"https:\/\/juventudesasignaturapendiente.com\/estudio\/","url":"https:\/\/juventudesasignaturapendiente.com\/estudio\/","name":"Study - Youth: Unfinished Business","isPartOf":{"@id":"https:\/\/juventudesasignaturapendiente.com\/#website"},"datePublished":"2024-07-18T15:09:37+00:00","dateModified":"2024-11-04T17:48:47+00:00","breadcrumb":{"@id":"https:\/\/juventudesasignaturapendiente.com\/estudio\/#breadcrumb"},"inLanguage":"en-US","potentialAction":[{"@type":"ReadAction","target":["https:\/\/juventudesasignaturapendiente.com\/estudio\/"]}]},{"@type":"BreadcrumbList","@id":"https:\/\/juventudesasignaturapendiente.com\/estudio\/#breadcrumb","itemListElement":[{"@type":"ListItem","position":1,"name":"Portada","item":"https:\/\/juventudesasignaturapendiente.com\/"},{"@type":"ListItem","position":2,"name":"El estudio"}]},{"@type":"WebSite","@id":"https:\/\/juventudesasignaturapendiente.com\/#website","url":"https:\/\/juventudesasignaturapendiente.com\/","name":"Youth: A Pending Subject","description":"Friedrich Ebert Stiftung","publisher":{"@id":"https:\/\/juventudesasignaturapendiente.com\/#organization"},"potentialAction":[{"@type":"SearchAction","target":{"@type":"EntryPoint","urlTemplate":"https:\/\/juventudesasignaturapendiente.com\/?s={search_term_string}"},"query-input":{"@type":"PropertyValueSpecification","valueRequired":true,"valueName":"search_term_string"}}],"inLanguage":"en-US"},{"@type":"Organization","@id":"https:\/\/juventudesasignaturapendiente.com\/#organization","name":"Friedrich-Ebert-Stiftung","url":"https:\/\/juventudesasignaturapendiente.com\/","logo":{"@type":"ImageObject","inLanguage":"en-US","@id":"https:\/\/juventudesasignaturapendiente.com\/#\/schema\/logo\/image\/","url":"https:\/\/juventudesasignaturapendiente.com\/wp-content\/uploads\/2024\/08\/FES-Juventudes-LogoNew-1.svg","contentUrl":"https:\/\/juventudesasignaturapendiente.com\/wp-content\/uploads\/2024\/08\/FES-Juventudes-LogoNew-1.svg","width":1080,"height":1080,"caption":"Fundaci\u00f3n-Friedrich-Ebert"},"image":{"@id":"https:\/\/juventudesasignaturapendiente.com\/#\/schema\/logo\/image\/"},"sameAs":["https:\/\/www.facebook.com\/fesarg\/","https:\/\/x.com\/fes_argentina","https:\/\/www.instagram.com\/fes_argentina\/","https:\/\/www.youtube.com\/channel\/UCKMHy99jHq3rWZoofnmwVYg","https:\/\/www.facebook.com\/BoliviaFES","https:\/\/twitter.com\/BoliviaFes\/","https:\/\/www.threads.net\/@fes_brasil?xmt=AQGzkaXU3Xg0eKjcNgLxMYCU3LC-bOgq-p_iFIHTe-k4qNE","https:\/\/www.youtube.com\/fesbrasil","https:\/\/www.facebook.com\/brasil.FES\/","https:\/\/twitter.com\/brasil_fes","https:\/\/www.facebook.com\/feschile","https:\/\/twitter.com\/FESChile","https:\/\/www.youtube.com\/channel\/UCp9vxVYEjrlVyEeIq1BdeMg\/videos","https:\/\/www.instagram.com\/feschile","https:\/\/www.facebook.com\/fescol\/","https:\/\/twitter.com\/fundacionFESCOL","http:\/\/www.youtube.com\/user\/ContactoFESCOL\/videos","https:\/\/www.instagram.com\/fes.col","https:\/\/www.youtube.com\/channel\/UC2DGAJShtR8VRwG11Jz6Cfw","https:\/\/www.facebook.com\/FriedrichEbertStiftungEcuador\/","https:\/\/twitter.com\/EcuadorFes","https:\/\/www.youtube.com\/channel\/UC2D0VC_NflMrJH4EiZysvsA","https:\/\/www.instagram.com\/fes_ecuador\/","https:\/\/www.facebook.com\/FESAmericaCentral\/","https:\/\/twitter.com\/FES_Caribe","https:\/\/www.youtube.com\/channel\/UC0oF-rrtiCITUR_7LEk0JDw","https:\/\/www.instagram.com\/fescaribe","http:\/\/www.facebook.com\/FESMEX\/","http:\/\/twitter.com\/fesmex","https:\/\/www.instagram.com\/fesmex","https:\/\/twitter.com\/FesPeru","https:\/\/www.facebook.com\/PeruFES","https:\/\/www.facebook.com\/fesurfesur","https:\/\/twitter.com\/FESUruguay","https:\/\/www.youtube.com\/user\/FESURTV","https:\/\/www.instagram.com\/fes_uruguay","https:\/\/www.facebook.com\/IldisFesVe","https:\/\/www.youtube.com\/channel\/UC487K4T8R8Pb6yvfX_AUFfQ","https:\/\/www.instagram.com\/ildisfesve"]}]}},"_links":{"self":[{"href":"https:\/\/juventudesasignaturapendiente.com\/en\/wp-json\/wp\/v2\/pages\/2","targetHints":{"allow":["GET"]}}],"collection":[{"href":"https:\/\/juventudesasignaturapendiente.com\/en\/wp-json\/wp\/v2\/pages"}],"about":[{"href":"https:\/\/juventudesasignaturapendiente.com\/en\/wp-json\/wp\/v2\/types\/page"}],"author":[{"embeddable":true,"href":"https:\/\/juventudesasignaturapendiente.com\/en\/wp-json\/wp\/v2\/users\/1"}],"replies":[{"embeddable":true,"href":"https:\/\/juventudesasignaturapendiente.com\/en\/wp-json\/wp\/v2\/comments?post=2"}],"version-history":[{"count":25,"href":"https:\/\/juventudesasignaturapendiente.com\/en\/wp-json\/wp\/v2\/pages\/2\/revisions"}],"predecessor-version":[{"id":571,"href":"https:\/\/juventudesasignaturapendiente.com\/en\/wp-json\/wp\/v2\/pages\/2\/revisions\/571"}],"wp:attachment":[{"href":"https:\/\/juventudesasignaturapendiente.com\/en\/wp-json\/wp\/v2\/media?parent=2"}],"curies":[{"name":"wp","href":"https:\/\/api.w.org\/{rel}","templated":true}]}}